{"id":17229,"date":"2025-04-25T17:15:37","date_gmt":"2025-04-25T15:15:37","guid":{"rendered":"https:\/\/www.topdovoz.sk\/index.php\/produkt\/bmw-320-gran-turismo-sport-line-panohudnaviacc\/"},"modified":"2025-05-13T21:52:25","modified_gmt":"2025-05-13T19:52:25","slug":"bmw-320-gran-turismo-sport-line-panohudnaviacc","status":"publish","type":"product","link":"https:\/\/www.topdovoz.sk\/index.php\/produkt\/bmw-320-gran-turismo-sport-line-panohudnaviacc\/","title":{"rendered":"BMW 320 Gran Turismo Sport Line *PANO*HUD*NAVI*ACC*"},"content":{"rendered":"<ul>\n<li>ABS<\/li>\n<li>Adaptive Cruise Control<\/li>\n<li>Ambient lighting<\/li>\n<li>Arm rest<\/li>\n<li>Autom. dimming interior mirror<\/li>\n<li>Automatic climatisation, 2 zones<\/li>\n<li>Bluetooth<\/li>\n<li>Centr\u00e1ln\u00ed zamyk\u00e1n\u00ed<\/li>\n<li>\u010celn\u00ed, bo\u010dn\u00ed a dal\u0161\u00ed airbagy<\/li>\n<li>Denn\u00ed sv\u011btlomety<\/li>\n<li>Distance warning system<\/li>\n<li>Elektrick\u00e1 bo\u010dn\u00ed zrc\u00e1tka<\/li>\n<li>Elektrick\u00e9 ovl\u00e1d\u00e1n\u00ed oken<\/li>\n<li>Elektricky vyh\u0159\u00edvan\u00e1 sedadla<\/li>\n<li>Emergency tyre repair kit<\/li>\n<li>ESP<\/li>\n<li>Filtr pevn\u00fdch \u010d\u00e1stic<\/li>\n<li>Handsfree souprava<\/li>\n<li>Imobiliz\u00e9r<\/li>\n<li>Isofix (ukotven\u00ed d\u011btsk\u00e9 seda\u010dky)<\/li>\n<li>Leather steering wheel<\/li>\n<li>LED sv\u011btlomety<\/li>\n<li>Lit\u00e1 kola<\/li>\n<li>Lumbar support<\/li>\n<li>Mlhovky<\/li>\n<li>Multifunk\u010dn\u00ed volant<\/li>\n<li>Navigace<\/li>\n<li>Navigation preparation<\/li>\n<li>Palubn\u00ed po\u010d\u00edta\u010d<\/li>\n<li>Panoramatick\u00e1 st\u0159echa<\/li>\n<li>Posilova\u010d \u0159\u00edzen\u00ed<\/li>\n<li>P\u0159ehr\u00e1va\u010d CD<\/li>\n<li>Rear wheel drive<\/li>\n<li>Regulace prokluzu kol<\/li>\n<li>Senzor de\u0161t\u011b<\/li>\n<li>Sound system<\/li>\n<li>Speed limit control system<\/li>\n<li>Sportovn\u00ed seda\u010dky<\/li>\n<li>St\u0159e\u0161n\u00ed okno<\/li>\n<li>Summer tyres<\/li>\n<li>Syst\u00e9m start-stop<\/li>\n<li>Tinted windows<\/li>\n<li>Transparentn\u00ed displej HUD<\/li>\n<li>Tuner\/r\u00e1dio<\/li>\n<li>Tyre pressure monitoring<\/li>\n<li>\u00dapln\u00e1 servisn\u00ed historie<\/li>\n<li>USB port<\/li>\n<li>Voice control<\/li>\n<li>Vozidlo po neku\u0159\u00e1kovi<\/li>\n<\/ul>\n","protected":false},"excerpt":{"rendered":"<p>ABS Adaptive Cruise Control Ambient lighting Arm rest Autom. dimming interior mirror Automatic climatisation, 2 zones Bluetooth Centr\u00e1ln\u00ed zamyk\u00e1n\u00ed \u010celn\u00ed, bo\u010dn\u00ed a dal\u0161\u00ed airbagy Denn\u00ed sv\u011btlomety Distance warning system Elektrick\u00e1 bo\u010dn\u00ed zrc\u00e1tka Elektrick\u00e9 ovl\u00e1d\u00e1n\u00ed oken Elektricky vyh\u0159\u00edvan\u00e1 sedadla Emergency tyre repair kit ESP Filtr pevn\u00fdch \u010d\u00e1stic Handsfree souprava Imobiliz\u00e9r Isofix (ukotven\u00ed d\u011btsk\u00e9 seda\u010dky) Leather steering&hellip;&nbsp;<a href=\"https:\/\/www.topdovoz.sk\/index.php\/produkt\/bmw-320-gran-turismo-sport-line-panohudnaviacc\/\" class=\"\" rel=\"bookmark\">\u010c\u00edta\u0165 viac &raquo;<span class=\"screen-reader-text\">BMW 320 Gran Turismo Sport Line *PANO*HUD*NAVI*ACC*<\/span><\/a><\/p>\n","protected":false},"featured_media":17213,"comment_status":"closed","ping_status":"closed","template":"","meta":{"_acf_changed":false,"neve_meta_sidebar":"","neve_meta_container":"","neve_meta_enable_content_width":"","neve_meta_content_width":0,"neve_meta_title_alignment":"","neve_meta_author_avatar":"","neve_post_elements_order":"","neve_meta_disable_header":"","neve_meta_disable_footer":"","neve_meta_disable_title":""},"product_cat":[183],"product_tag":[],"class_list":{"0":"post-17229","1":"product","2":"type-product","3":"status-publish","4":"has-post-thumbnail","6":"product_cat-bmw","7":"pa__datum-prvej-registracie-974","8":"pa__farba-bila","9":"pa__interier-castecne-v-kuzi-cerna","10":"pa__najazd-1795","11":"pa__objem-motora-261","12":"pa__palivo-nafta","13":"pa__pocet-sedadiel-26","14":"pa__prevodovka-automaticka","15":"pa__vykon-33","16":"pa__znacka-bmw-320-gran-turismo-sport-line-panohudnaviacc","18":"first","19":"instock","20":"shipping-taxable","21":"purchasable","22":"product-type-simple"},"acf":[],"_links":{"self":[{"href":"https:\/\/www.topdovoz.sk\/index.php\/wp-json\/wp\/v2\/product\/17229","targetHints":{"allow":["GET"]}}],"collection":[{"href":"https:\/\/www.topdovoz.sk\/index.php\/wp-json\/wp\/v2\/product"}],"about":[{"href":"https:\/\/www.topdovoz.sk\/index.php\/wp-json\/wp\/v2\/types\/product"}],"replies":[{"embeddable":true,"href":"https:\/\/www.topdovoz.sk\/index.php\/wp-json\/wp\/v2\/comments?post=17229"}],"version-history":[{"count":0,"href":"https:\/\/www.topdovoz.sk\/index.php\/wp-json\/wp\/v2\/product\/17229\/revisions"}],"wp:featuredmedia":[{"embeddable":true,"href":"https:\/\/www.topdovoz.sk\/index.php\/wp-json\/wp\/v2\/media\/17213"}],"wp:attachment":[{"href":"https:\/\/www.topdovoz.sk\/index.php\/wp-json\/wp\/v2\/media?parent=17229"}],"wp:term":[{"taxonomy":"product_cat","embeddable":true,"href":"https:\/\/www.topdovoz.sk\/index.php\/wp-json\/wp\/v2\/product_cat?post=17229"},{"taxonomy":"product_tag","embeddable":true,"href":"https:\/\/www.topdovoz.sk\/index.php\/wp-json\/wp\/v2\/product_tag?post=17229"}],"curies":[{"name":"wp","href":"https:\/\/api.w.org\/{rel}","templated":true}]}}