{"id":17246,"date":"2025-04-25T17:16:04","date_gmt":"2025-04-25T15:16:04","guid":{"rendered":"https:\/\/www.topdovoz.sk\/index.php\/produkt\/bmw-320-gran-turismo-xdrive\/"},"modified":"2025-05-13T21:52:23","modified_gmt":"2025-05-13T19:52:23","slug":"bmw-320-gran-turismo-xdrive","status":"publish","type":"product","link":"https:\/\/www.topdovoz.sk\/index.php\/produkt\/bmw-320-gran-turismo-xdrive\/","title":{"rendered":"BMW 320 Gran Turismo xDrive"},"content":{"rendered":"<ul>\n<li>ABS<\/li>\n<li>Alarm system<\/li>\n<li>Arm rest<\/li>\n<li>Autom. dimming interior mirror<\/li>\n<li>Automatic climatisation, 2 zones<\/li>\n<li>Centr\u00e1ln\u00ed zamyk\u00e1n\u00ed<\/li>\n<li>\u010celn\u00ed a bo\u010dn\u00ed airbagy<\/li>\n<li>DAB radio<\/li>\n<li>Elektricky vyh\u0159\u00edvan\u00e1 sedadla<\/li>\n<li>Handsfree souprava<\/li>\n<li>High beam assist<\/li>\n<li>Induction charging for smartphones<\/li>\n<li>Leather steering wheel<\/li>\n<li>LED running lights<\/li>\n<li>Lit\u00e1 kola<\/li>\n<li>Lumbar support<\/li>\n<li>Multifunk\u010dn\u00ed volant<\/li>\n<li>N\u00e1hon na v\u0161echna kola<\/li>\n<li>Palubn\u00ed po\u010d\u00edta\u010d<\/li>\n<li>Panoramatick\u00e1 st\u0159echa<\/li>\n<li>Posilova\u010d \u0159\u00edzen\u00ed<\/li>\n<li>Sound system<\/li>\n<li>Syst\u00e9m upozorn\u011bn\u00ed na opu\u0161t\u011bn\u00ed j\u00edzdn\u00edho pruhu<\/li>\n<li>Tinted windows<\/li>\n<li>Transparentn\u00ed displej HUD<\/li>\n<li>Tuner\/r\u00e1dio<\/li>\n<li>Tyre pressure monitoring<\/li>\n<li>\u00dapln\u00e1 servisn\u00ed historie<\/li>\n<li>Xenonov\u00e9 sv\u011btlomety<\/li>\n<\/ul>\n","protected":false},"excerpt":{"rendered":"<p>ABS Alarm system Arm rest Autom. dimming interior mirror Automatic climatisation, 2 zones Centr\u00e1ln\u00ed zamyk\u00e1n\u00ed \u010celn\u00ed a bo\u010dn\u00ed airbagy DAB radio Elektricky vyh\u0159\u00edvan\u00e1 sedadla Handsfree souprava High beam assist Induction charging for smartphones Leather steering wheel LED running lights Lit\u00e1 kola Lumbar support Multifunk\u010dn\u00ed volant N\u00e1hon na v\u0161echna kola Palubn\u00ed po\u010d\u00edta\u010d Panoramatick\u00e1 st\u0159echa Posilova\u010d \u0159\u00edzen\u00ed&hellip;&nbsp;<a href=\"https:\/\/www.topdovoz.sk\/index.php\/produkt\/bmw-320-gran-turismo-xdrive\/\" class=\"\" rel=\"bookmark\">\u010c\u00edta\u0165 viac &raquo;<span class=\"screen-reader-text\">BMW 320 Gran Turismo xDrive<\/span><\/a><\/p>\n","protected":false},"featured_media":17230,"comment_status":"closed","ping_status":"closed","template":"","meta":{"_acf_changed":false,"neve_meta_sidebar":"","neve_meta_container":"","neve_meta_enable_content_width":"","neve_meta_content_width":0,"neve_meta_title_alignment":"","neve_meta_author_avatar":"","neve_post_elements_order":"","neve_meta_disable_header":"","neve_meta_disable_footer":"","neve_meta_disable_title":""},"product_cat":[183],"product_tag":[],"class_list":{"0":"post-17246","1":"product","2":"type-product","3":"status-publish","4":"has-post-thumbnail","6":"product_cat-bmw","7":"pa__datum-prvej-registracie-258","8":"pa__farba-cerna-metaliza","9":"pa__interier-latka-cerna","10":"pa__najazd-752","11":"pa__objem-motora-261","12":"pa__palivo-nafta","13":"pa__pocet-sedadiel-26","14":"pa__prevodovka-automaticka","15":"pa__vykon-33","16":"pa__znacka-bmw-320-gran-turismo-xdrive","18":"first","19":"instock","20":"shipping-taxable","21":"purchasable","22":"product-type-simple"},"acf":[],"_links":{"self":[{"href":"https:\/\/www.topdovoz.sk\/index.php\/wp-json\/wp\/v2\/product\/17246","targetHints":{"allow":["GET"]}}],"collection":[{"href":"https:\/\/www.topdovoz.sk\/index.php\/wp-json\/wp\/v2\/product"}],"about":[{"href":"https:\/\/www.topdovoz.sk\/index.php\/wp-json\/wp\/v2\/types\/product"}],"replies":[{"embeddable":true,"href":"https:\/\/www.topdovoz.sk\/index.php\/wp-json\/wp\/v2\/comments?post=17246"}],"version-history":[{"count":0,"href":"https:\/\/www.topdovoz.sk\/index.php\/wp-json\/wp\/v2\/product\/17246\/revisions"}],"wp:featuredmedia":[{"embeddable":true,"href":"https:\/\/www.topdovoz.sk\/index.php\/wp-json\/wp\/v2\/media\/17230"}],"wp:attachment":[{"href":"https:\/\/www.topdovoz.sk\/index.php\/wp-json\/wp\/v2\/media?parent=17246"}],"wp:term":[{"taxonomy":"product_cat","embeddable":true,"href":"https:\/\/www.topdovoz.sk\/index.php\/wp-json\/wp\/v2\/product_cat?post=17246"},{"taxonomy":"product_tag","embeddable":true,"href":"https:\/\/www.topdovoz.sk\/index.php\/wp-json\/wp\/v2\/product_tag?post=17246"}],"curies":[{"name":"wp","href":"https:\/\/api.w.org\/{rel}","templated":true}]}}