{"id":17348,"date":"2025-04-25T17:18:48","date_gmt":"2025-04-25T15:18:48","guid":{"rendered":"https:\/\/www.topdovoz.sk\/index.php\/produkt\/volvo-xc60-momentum-pro-2wd-d4-eu6d-t-navi-leder-digit\/"},"modified":"2025-05-13T21:52:09","modified_gmt":"2025-05-13T19:52:09","slug":"volvo-xc60-momentum-pro-2wd-d4-eu6d-t-navi-leder-digit","status":"publish","type":"product","link":"https:\/\/www.topdovoz.sk\/index.php\/produkt\/volvo-xc60-momentum-pro-2wd-d4-eu6d-t-navi-leder-digit\/","title":{"rendered":"Volvo XC60 Momentum Pro 2WD D4 EU6d-T Navi Leder digit"},"content":{"rendered":"<ul>\n<li>ABS<\/li>\n<li>Adaptive cornering lights<\/li>\n<li>Ambient lighting<\/li>\n<li>Android Auto<\/li>\n<li>Apple CarPlay<\/li>\n<li>Arm rest<\/li>\n<li>Autom. dimming interior mirror<\/li>\n<li>Automatic climatisation, 2 zones<\/li>\n<li>Bluetooth<\/li>\n<li>Cargo barrier<\/li>\n<li>Centr\u00e1ln\u00ed zamyk\u00e1n\u00ed<\/li>\n<li>\u010celn\u00ed, bo\u010dn\u00ed a dal\u0161\u00ed airbagy<\/li>\n<li>DAB radio<\/li>\n<li>Digital cockpit<\/li>\n<li>Distance warning system<\/li>\n<li>Electric tailgate<\/li>\n<li>Elektrick\u00e1 bo\u010dn\u00ed zrc\u00e1tka<\/li>\n<li>Elektrick\u00e9 nastaven\u00ed sedadla<\/li>\n<li>Elektrick\u00e9 ovl\u00e1d\u00e1n\u00ed oken<\/li>\n<li>Elektricky vyh\u0159\u00edvan\u00e1 sedadla<\/li>\n<li>Eletric seat adjustment with memory function<\/li>\n<li>Emergency tyre repair kit<\/li>\n<li>ESP<\/li>\n<li>Fatigue warning system<\/li>\n<li>Filtr pevn\u00fdch \u010d\u00e1stic<\/li>\n<li>Front wheel drive<\/li>\n<li>Handsfree souprava<\/li>\n<li>Headlight washer system<\/li>\n<li>High beam assist<\/li>\n<li>Hill-start assist<\/li>\n<li>Imobiliz\u00e9r<\/li>\n<li>Integrated music streaming<\/li>\n<li>Isofix (ukotven\u00ed d\u011btsk\u00e9 seda\u010dky)<\/li>\n<li>LED running lights<\/li>\n<li>LED sv\u011btlomety<\/li>\n<li>Lit\u00e1 kola<\/li>\n<li>Lumbar support<\/li>\n<li>Mlhovky<\/li>\n<li>Monitor slep\u00e9ho \u00fahlu<\/li>\n<li>Multifunk\u010dn\u00ed volant<\/li>\n<li>Navigace<\/li>\n<li>Palubn\u00ed po\u010d\u00edta\u010d<\/li>\n<li>Posilova\u010d \u0159\u00edzen\u00ed<\/li>\n<li>Rear traffic alert<\/li>\n<li>Regulace prokluzu kol<\/li>\n<li>Senzor de\u0161t\u011b<\/li>\n<li>Senzor osv\u011btlen\u00ed<\/li>\n<li>Sound system<\/li>\n<li>Speed limit control system<\/li>\n<li>St\u0159e\u0161n\u00ed nosi\u010d<\/li>\n<li>Syst\u00e9m chr\u00e1n\u00edc\u00ed p\u0159ed st\u0159ety<\/li>\n<li>Syst\u00e9m start-stop<\/li>\n<li>Syst\u00e9m upozorn\u011bn\u00ed na opu\u0161t\u011bn\u00ed j\u00edzdn\u00edho pruhu<\/li>\n<li>Tempomat<\/li>\n<li>Traffic sign recognition<\/li>\n<li>Tuner\/r\u00e1dio<\/li>\n<li>Tyre pressure monitoring<\/li>\n<li>USB port<\/li>\n<li>Voice control<\/li>\n<li>Winter package<\/li>\n<\/ul>\n","protected":false},"excerpt":{"rendered":"<p>ABS Adaptive cornering lights Ambient lighting Android Auto Apple CarPlay Arm rest Autom. dimming interior mirror Automatic climatisation, 2 zones Bluetooth Cargo barrier Centr\u00e1ln\u00ed zamyk\u00e1n\u00ed \u010celn\u00ed, bo\u010dn\u00ed a dal\u0161\u00ed airbagy DAB radio Digital cockpit Distance warning system Electric tailgate Elektrick\u00e1 bo\u010dn\u00ed zrc\u00e1tka Elektrick\u00e9 nastaven\u00ed sedadla Elektrick\u00e9 ovl\u00e1d\u00e1n\u00ed oken Elektricky vyh\u0159\u00edvan\u00e1 sedadla Eletric seat adjustment with&hellip;&nbsp;<a href=\"https:\/\/www.topdovoz.sk\/index.php\/produkt\/volvo-xc60-momentum-pro-2wd-d4-eu6d-t-navi-leder-digit\/\" class=\"\" rel=\"bookmark\">\u010c\u00edta\u0165 viac &raquo;<span class=\"screen-reader-text\">Volvo XC60 Momentum Pro 2WD D4 EU6d-T Navi Leder digit<\/span><\/a><\/p>\n","protected":false},"featured_media":17332,"comment_status":"closed","ping_status":"closed","template":"","meta":{"_acf_changed":false,"neve_meta_sidebar":"","neve_meta_container":"","neve_meta_enable_content_width":"","neve_meta_content_width":0,"neve_meta_title_alignment":"","neve_meta_author_avatar":"","neve_post_elements_order":"","neve_meta_disable_header":"","neve_meta_disable_footer":"","neve_meta_disable_title":""},"product_cat":[138],"product_tag":[],"class_list":{"0":"post-17348","1":"product","2":"type-product","3":"status-publish","4":"has-post-thumbnail","6":"product_cat-volvo","7":"pa__datum-prvej-registracie-177","8":"pa__farba-seda-metaliza","9":"pa__interier-cele-v-kuzi-cerna","10":"pa__najazd-1808","11":"pa__objem-motora-135","12":"pa__palivo-nafta","13":"pa__pocet-sedadiel-26","14":"pa__prevodovka-automaticka","15":"pa__vykon-33","16":"pa__znacka-volvo-xc60-momentum-pro-2wd-d4-eu6d-t-navi-leder-digit","18":"first","19":"instock","20":"shipping-taxable","21":"purchasable","22":"product-type-simple"},"acf":[],"_links":{"self":[{"href":"https:\/\/www.topdovoz.sk\/index.php\/wp-json\/wp\/v2\/product\/17348","targetHints":{"allow":["GET"]}}],"collection":[{"href":"https:\/\/www.topdovoz.sk\/index.php\/wp-json\/wp\/v2\/product"}],"about":[{"href":"https:\/\/www.topdovoz.sk\/index.php\/wp-json\/wp\/v2\/types\/product"}],"replies":[{"embeddable":true,"href":"https:\/\/www.topdovoz.sk\/index.php\/wp-json\/wp\/v2\/comments?post=17348"}],"version-history":[{"count":0,"href":"https:\/\/www.topdovoz.sk\/index.php\/wp-json\/wp\/v2\/product\/17348\/revisions"}],"wp:featuredmedia":[{"embeddable":true,"href":"https:\/\/www.topdovoz.sk\/index.php\/wp-json\/wp\/v2\/media\/17332"}],"wp:attachment":[{"href":"https:\/\/www.topdovoz.sk\/index.php\/wp-json\/wp\/v2\/media?parent=17348"}],"wp:term":[{"taxonomy":"product_cat","embeddable":true,"href":"https:\/\/www.topdovoz.sk\/index.php\/wp-json\/wp\/v2\/product_cat?post=17348"},{"taxonomy":"product_tag","embeddable":true,"href":"https:\/\/www.topdovoz.sk\/index.php\/wp-json\/wp\/v2\/product_tag?post=17348"}],"curies":[{"name":"wp","href":"https:\/\/api.w.org\/{rel}","templated":true}]}}