{"id":17441,"date":"2025-04-29T10:54:01","date_gmt":"2025-04-29T08:54:01","guid":{"rendered":"https:\/\/www.topdovoz.sk\/index.php\/produkt\/mercedes-benz-glb-200-d-style-led-shz-ahk\/"},"modified":"2025-05-13T21:51:57","modified_gmt":"2025-05-13T19:51:57","slug":"mercedes-benz-glb-200-d-style-led-shz-ahk","status":"publish","type":"product","link":"https:\/\/www.topdovoz.sk\/index.php\/produkt\/mercedes-benz-glb-200-d-style-led-shz-ahk\/","title":{"rendered":"Mercedes-Benz GLB 200 d Style | LED | SHZ | AHK"},"content":{"rendered":"<ul>\n<li>ABS<\/li>\n<li>Ambient lighting<\/li>\n<li>Arm rest<\/li>\n<li>Automatick\u00e1 klimatizace<\/li>\n<li>Bluetooth<\/li>\n<li>Centr\u00e1ln\u00ed zamyk\u00e1n\u00ed<\/li>\n<li>\u010celn\u00ed a bo\u010dn\u00ed airbagy<\/li>\n<li>DAB radio<\/li>\n<li>Digital cockpit<\/li>\n<li>Elektrick\u00e1 bo\u010dn\u00ed zrc\u00e1tka<\/li>\n<li>Elektrick\u00e9 ovl\u00e1d\u00e1n\u00ed oken<\/li>\n<li>Elektricky vyh\u0159\u00edvan\u00e1 sedadla<\/li>\n<li>Emergency call system<\/li>\n<li>ESP<\/li>\n<li>Fatigue warning system<\/li>\n<li>Filtr pevn\u00fdch \u010d\u00e1stic<\/li>\n<li>Front wheel drive<\/li>\n<li>Handsfree souprava<\/li>\n<li>Imobiliz\u00e9r<\/li>\n<li>Isofix (ukotven\u00ed d\u011btsk\u00e9 seda\u010dky)<\/li>\n<li>Leather steering wheel<\/li>\n<li>LED running lights<\/li>\n<li>LED sv\u011btlomety<\/li>\n<li>Lit\u00e1 kola<\/li>\n<li>Multifunk\u010dn\u00ed volant<\/li>\n<li>Navigace<\/li>\n<li>Palubn\u00ed po\u010d\u00edta\u010d<\/li>\n<li>Posilova\u010d \u0159\u00edzen\u00ed<\/li>\n<li>Regulace prokluzu kol<\/li>\n<li>Senzor de\u0161t\u011b<\/li>\n<li>Senzor osv\u011btlen\u00ed<\/li>\n<li>Speed limit control system<\/li>\n<li>St\u0159e\u0161n\u00ed nosi\u010d<\/li>\n<li>Summer tyres<\/li>\n<li>Syst\u00e9m start-stop<\/li>\n<li>Syst\u00e9m upozorn\u011bn\u00ed na opu\u0161t\u011bn\u00ed j\u00edzdn\u00edho pruhu<\/li>\n<li>Tempomat<\/li>\n<li>Tinted windows<\/li>\n<li>Touchscreen<\/li>\n<li>Traffic sign recognition<\/li>\n<li>Trailer coupling, swiveling<\/li>\n<li>Tuner\/r\u00e1dio<\/li>\n<li>Tyre pressure monitoring<\/li>\n<li>\u00dapln\u00e1 servisn\u00ed historie<\/li>\n<li>USB port<\/li>\n<li>Voice control<\/li>\n<li>Vozidlo po neku\u0159\u00e1kovi<\/li>\n<\/ul>\n","protected":false},"excerpt":{"rendered":"<p>ABS Ambient lighting Arm rest Automatick\u00e1 klimatizace Bluetooth Centr\u00e1ln\u00ed zamyk\u00e1n\u00ed \u010celn\u00ed a bo\u010dn\u00ed airbagy DAB radio Digital cockpit Elektrick\u00e1 bo\u010dn\u00ed zrc\u00e1tka Elektrick\u00e9 ovl\u00e1d\u00e1n\u00ed oken Elektricky vyh\u0159\u00edvan\u00e1 sedadla Emergency call system ESP Fatigue warning system Filtr pevn\u00fdch \u010d\u00e1stic Front wheel drive Handsfree souprava Imobiliz\u00e9r Isofix (ukotven\u00ed d\u011btsk\u00e9 seda\u010dky) Leather steering wheel LED running lights LED sv\u011btlomety&hellip;&nbsp;<a href=\"https:\/\/www.topdovoz.sk\/index.php\/produkt\/mercedes-benz-glb-200-d-style-led-shz-ahk\/\" class=\"\" rel=\"bookmark\">\u010c\u00edta\u0165 viac &raquo;<span class=\"screen-reader-text\">Mercedes-Benz GLB 200 d Style | LED | SHZ | AHK<\/span><\/a><\/p>\n","protected":false},"featured_media":17425,"comment_status":"closed","ping_status":"closed","template":"","meta":{"_acf_changed":false,"neve_meta_sidebar":"","neve_meta_container":"","neve_meta_enable_content_width":"","neve_meta_content_width":0,"neve_meta_title_alignment":"","neve_meta_author_avatar":"","neve_post_elements_order":"","neve_meta_disable_header":"","neve_meta_disable_footer":"","neve_meta_disable_title":""},"product_cat":[120],"product_tag":[],"class_list":{"0":"post-17441","1":"product","2":"type-product","3":"status-publish","4":"has-post-thumbnail","6":"product_cat-mercedes-benz","7":"pa__datum-prvej-registracie-441","8":"pa__farba-cerna","9":"pa__interier-castecne-v-kuzi-cerna","10":"pa__najazd-1814","11":"pa__objem-motora-275","12":"pa__palivo-nafta","13":"pa__pocet-sedadiel-26","14":"pa__prevodovka-automaticka","15":"pa__vykon-39","16":"pa__znacka-mercedes-benz-glb-200-d-style-led-shz-ahk","18":"first","19":"instock","20":"shipping-taxable","21":"purchasable","22":"product-type-simple"},"acf":[],"_links":{"self":[{"href":"https:\/\/www.topdovoz.sk\/index.php\/wp-json\/wp\/v2\/product\/17441","targetHints":{"allow":["GET"]}}],"collection":[{"href":"https:\/\/www.topdovoz.sk\/index.php\/wp-json\/wp\/v2\/product"}],"about":[{"href":"https:\/\/www.topdovoz.sk\/index.php\/wp-json\/wp\/v2\/types\/product"}],"replies":[{"embeddable":true,"href":"https:\/\/www.topdovoz.sk\/index.php\/wp-json\/wp\/v2\/comments?post=17441"}],"version-history":[{"count":0,"href":"https:\/\/www.topdovoz.sk\/index.php\/wp-json\/wp\/v2\/product\/17441\/revisions"}],"wp:featuredmedia":[{"embeddable":true,"href":"https:\/\/www.topdovoz.sk\/index.php\/wp-json\/wp\/v2\/media\/17425"}],"wp:attachment":[{"href":"https:\/\/www.topdovoz.sk\/index.php\/wp-json\/wp\/v2\/media?parent=17441"}],"wp:term":[{"taxonomy":"product_cat","embeddable":true,"href":"https:\/\/www.topdovoz.sk\/index.php\/wp-json\/wp\/v2\/product_cat?post=17441"},{"taxonomy":"product_tag","embeddable":true,"href":"https:\/\/www.topdovoz.sk\/index.php\/wp-json\/wp\/v2\/product_tag?post=17441"}],"curies":[{"name":"wp","href":"https:\/\/api.w.org\/{rel}","templated":true}]}}