{"id":17578,"date":"2025-05-02T09:27:53","date_gmt":"2025-05-02T07:27:53","guid":{"rendered":"https:\/\/www.topdovoz.sk\/index.php\/produkt\/cupra-formentor-1-5-tsi-dsg-navi-kamera-shz-led\/"},"modified":"2025-05-13T21:51:39","modified_gmt":"2025-05-13T19:51:39","slug":"cupra-formentor-1-5-tsi-dsg-navi-kamera-shz-led","status":"publish","type":"product","link":"https:\/\/www.topdovoz.sk\/index.php\/produkt\/cupra-formentor-1-5-tsi-dsg-navi-kamera-shz-led\/","title":{"rendered":"Cupra Formentor 1.5 TSI DSG NAVI KAMERA SHZ LED"},"content":{"rendered":"<ul>\n<li>ABS<\/li>\n<li>Adaptive Cruise Control<\/li>\n<li>Arm rest<\/li>\n<li>Autom. dimming interior mirror<\/li>\n<li>Automatic climatisation, 3 zones<\/li>\n<li>Bezkl\u00ed\u010dov\u00fd vstup<\/li>\n<li>Bluetooth<\/li>\n<li>Centr\u00e1ln\u00ed zamyk\u00e1n\u00ed<\/li>\n<li>\u010celn\u00ed, bo\u010dn\u00ed a dal\u0161\u00ed airbagy<\/li>\n<li>DAB radio<\/li>\n<li>Digital cockpit<\/li>\n<li>Distance warning system<\/li>\n<li>Electric tailgate<\/li>\n<li>Elektrick\u00e1 bo\u010dn\u00ed zrc\u00e1tka<\/li>\n<li>Elektrick\u00e9 ovl\u00e1d\u00e1n\u00ed oken<\/li>\n<li>Elektricky vyh\u0159\u00edvan\u00e1 sedadla<\/li>\n<li>ESP<\/li>\n<li>Fatigue warning system<\/li>\n<li>Filtr pevn\u00fdch \u010d\u00e1stic<\/li>\n<li>Front wheel drive<\/li>\n<li>Handsfree souprava<\/li>\n<li>Heated steering wheel<\/li>\n<li>High beam assist<\/li>\n<li>Imobiliz\u00e9r<\/li>\n<li>Induction charging for smartphones<\/li>\n<li>Isofix (ukotven\u00ed d\u011btsk\u00e9 seda\u010dky)<\/li>\n<li>Leather steering wheel<\/li>\n<li>LED running lights<\/li>\n<li>LED sv\u011btlomety<\/li>\n<li>Lit\u00e1 kola<\/li>\n<li>Lumbar support<\/li>\n<li>Mlhovky<\/li>\n<li>Multifunk\u010dn\u00ed volant<\/li>\n<li>Navigace<\/li>\n<li>Palubn\u00ed po\u010d\u00edta\u010d<\/li>\n<li>Posilova\u010d \u0159\u00edzen\u00ed<\/li>\n<li>Rear traffic alert<\/li>\n<li>Senzor de\u0161t\u011b<\/li>\n<li>Senzor osv\u011btlen\u00ed<\/li>\n<li>St\u0159e\u0161n\u00ed nosi\u010d<\/li>\n<li>Syst\u00e9m chr\u00e1n\u00edc\u00ed p\u0159ed st\u0159ety<\/li>\n<li>Syst\u00e9m start-stop<\/li>\n<li>Syst\u00e9m upozorn\u011bn\u00ed na opu\u0161t\u011bn\u00ed j\u00edzdn\u00edho pruhu<\/li>\n<li>Traffic sign recognition<\/li>\n<li>Tuner\/r\u00e1dio<\/li>\n<li>Tyre pressure monitoring<\/li>\n<li>\u00dapln\u00e1 servisn\u00ed historie<\/li>\n<li>USB port<\/li>\n<li>Voice control<\/li>\n<li>Z\u00e1ruka<\/li>\n<\/ul>\n","protected":false},"excerpt":{"rendered":"<p>ABS Adaptive Cruise Control Arm rest Autom. dimming interior mirror Automatic climatisation, 3 zones Bezkl\u00ed\u010dov\u00fd vstup Bluetooth Centr\u00e1ln\u00ed zamyk\u00e1n\u00ed \u010celn\u00ed, bo\u010dn\u00ed a dal\u0161\u00ed airbagy DAB radio Digital cockpit Distance warning system Electric tailgate Elektrick\u00e1 bo\u010dn\u00ed zrc\u00e1tka Elektrick\u00e9 ovl\u00e1d\u00e1n\u00ed oken Elektricky vyh\u0159\u00edvan\u00e1 sedadla ESP Fatigue warning system Filtr pevn\u00fdch \u010d\u00e1stic Front wheel drive Handsfree souprava Heated&hellip;&nbsp;<a href=\"https:\/\/www.topdovoz.sk\/index.php\/produkt\/cupra-formentor-1-5-tsi-dsg-navi-kamera-shz-led\/\" class=\"\" rel=\"bookmark\">\u010c\u00edta\u0165 viac &raquo;<span class=\"screen-reader-text\">Cupra Formentor 1.5 TSI DSG NAVI KAMERA SHZ LED<\/span><\/a><\/p>\n","protected":false},"featured_media":17562,"comment_status":"closed","ping_status":"closed","template":"","meta":{"_acf_changed":false,"neve_meta_sidebar":"","neve_meta_container":"","neve_meta_enable_content_width":"","neve_meta_content_width":0,"neve_meta_title_alignment":"","neve_meta_author_avatar":"","neve_post_elements_order":"","neve_meta_disable_header":"","neve_meta_disable_footer":"","neve_meta_disable_title":""},"product_cat":[506],"product_tag":[],"class_list":{"0":"post-17578","1":"product","2":"type-product","3":"status-publish","4":"has-post-thumbnail","6":"product_cat-cupra","7":"pa__datum-prvej-registracie-669","8":"pa__farba-seda-metaliza","9":"pa__interier-latka-cerna","10":"pa__najazd-1830","11":"pa__objem-motora-378","12":"pa__palivo-benzin","13":"pa__pocet-sedadiel-26","14":"pa__prevodovka-automaticka","15":"pa__vykon-39","16":"pa__znacka-cupra-formentor-1-5-tsi-dsg-navi-kamera-shz-led","18":"first","19":"instock","20":"shipping-taxable","21":"purchasable","22":"product-type-simple"},"acf":[],"_links":{"self":[{"href":"https:\/\/www.topdovoz.sk\/index.php\/wp-json\/wp\/v2\/product\/17578","targetHints":{"allow":["GET"]}}],"collection":[{"href":"https:\/\/www.topdovoz.sk\/index.php\/wp-json\/wp\/v2\/product"}],"about":[{"href":"https:\/\/www.topdovoz.sk\/index.php\/wp-json\/wp\/v2\/types\/product"}],"replies":[{"embeddable":true,"href":"https:\/\/www.topdovoz.sk\/index.php\/wp-json\/wp\/v2\/comments?post=17578"}],"version-history":[{"count":0,"href":"https:\/\/www.topdovoz.sk\/index.php\/wp-json\/wp\/v2\/product\/17578\/revisions"}],"wp:featuredmedia":[{"embeddable":true,"href":"https:\/\/www.topdovoz.sk\/index.php\/wp-json\/wp\/v2\/media\/17562"}],"wp:attachment":[{"href":"https:\/\/www.topdovoz.sk\/index.php\/wp-json\/wp\/v2\/media?parent=17578"}],"wp:term":[{"taxonomy":"product_cat","embeddable":true,"href":"https:\/\/www.topdovoz.sk\/index.php\/wp-json\/wp\/v2\/product_cat?post=17578"},{"taxonomy":"product_tag","embeddable":true,"href":"https:\/\/www.topdovoz.sk\/index.php\/wp-json\/wp\/v2\/product_tag?post=17578"}],"curies":[{"name":"wp","href":"https:\/\/api.w.org\/{rel}","templated":true}]}}