{"id":17824,"date":"2025-05-05T16:09:31","date_gmt":"2025-05-05T14:09:31","guid":{"rendered":"https:\/\/www.topdovoz.sk\/index.php\/produkt\/opel-zafira-c-innovation-start-stop-2\/"},"modified":"2025-05-13T21:51:06","modified_gmt":"2025-05-13T19:51:06","slug":"opel-zafira-c-innovation-start-stop-2","status":"publish","type":"product","link":"https:\/\/www.topdovoz.sk\/index.php\/produkt\/opel-zafira-c-innovation-start-stop-2\/","title":{"rendered":"Opel Zafira C Innovation Start\/Stop"},"content":{"rendered":"<ul>\n<li>ABS<\/li>\n<li>Arm rest<\/li>\n<li>Automatic climatisation, 2 zones<\/li>\n<li>Bluetooth<\/li>\n<li>Cargo barrier<\/li>\n<li>Centr\u00e1ln\u00ed zamyk\u00e1n\u00ed<\/li>\n<li>\u010celn\u00ed, bo\u010dn\u00ed a dal\u0161\u00ed airbagy<\/li>\n<li>Denn\u00ed sv\u011btlomety<\/li>\n<li>Elektrick\u00e1 bo\u010dn\u00ed zrc\u00e1tka<\/li>\n<li>Elektrick\u00e9 ovl\u00e1d\u00e1n\u00ed oken<\/li>\n<li>Elektricky vyh\u0159\u00edvan\u00e1 sedadla<\/li>\n<li>Filtr pevn\u00fdch \u010d\u00e1stic<\/li>\n<li>Front wheel drive<\/li>\n<li>Handsfree souprava<\/li>\n<li>High beam assist<\/li>\n<li>Isofix (ukotven\u00ed d\u011btsk\u00e9 seda\u010dky)<\/li>\n<li>Leather steering wheel<\/li>\n<li>Mlhovky<\/li>\n<li>Multifunk\u010dn\u00ed volant<\/li>\n<li>Navigace<\/li>\n<li>Posilova\u010d \u0159\u00edzen\u00ed<\/li>\n<li>Regulace prokluzu kol<\/li>\n<li>Senzor de\u0161t\u011b<\/li>\n<li>Speed limit control system<\/li>\n<li>St\u0159e\u0161n\u00ed nosi\u010d<\/li>\n<li>Syst\u00e9m start-stop<\/li>\n<li>Tempomat<\/li>\n<li>Touchscreen<\/li>\n<li>Tyre pressure monitoring<\/li>\n<li>USB port<\/li>\n<li>Voice control<\/li>\n<li>Xenonov\u00e9 sv\u011btlomety<\/li>\n<\/ul>\n","protected":false},"excerpt":{"rendered":"<p>ABS Arm rest Automatic climatisation, 2 zones Bluetooth Cargo barrier Centr\u00e1ln\u00ed zamyk\u00e1n\u00ed \u010celn\u00ed, bo\u010dn\u00ed a dal\u0161\u00ed airbagy Denn\u00ed sv\u011btlomety Elektrick\u00e1 bo\u010dn\u00ed zrc\u00e1tka Elektrick\u00e9 ovl\u00e1d\u00e1n\u00ed oken Elektricky vyh\u0159\u00edvan\u00e1 sedadla Filtr pevn\u00fdch \u010d\u00e1stic Front wheel drive Handsfree souprava High beam assist Isofix (ukotven\u00ed d\u011btsk\u00e9 seda\u010dky) Leather steering wheel Mlhovky Multifunk\u010dn\u00ed volant Navigace Posilova\u010d \u0159\u00edzen\u00ed Regulace prokluzu kol&hellip;&nbsp;<a href=\"https:\/\/www.topdovoz.sk\/index.php\/produkt\/opel-zafira-c-innovation-start-stop-2\/\" class=\"\" rel=\"bookmark\">\u010c\u00edta\u0165 viac &raquo;<span class=\"screen-reader-text\">Opel Zafira C Innovation Start\/Stop<\/span><\/a><\/p>\n","protected":false},"featured_media":17791,"comment_status":"closed","ping_status":"closed","template":"","meta":{"_acf_changed":false,"neve_meta_sidebar":"","neve_meta_container":"","neve_meta_enable_content_width":"","neve_meta_content_width":0,"neve_meta_title_alignment":"","neve_meta_author_avatar":"","neve_post_elements_order":"","neve_meta_disable_header":"","neve_meta_disable_footer":"","neve_meta_disable_title":""},"product_cat":[1855],"product_tag":[],"class_list":{"0":"post-17824","1":"product","2":"type-product","3":"status-publish","4":"has-post-thumbnail","6":"product_cat-opel","7":"pa__datum-prvej-registracie-181","8":"pa__farba-cerna-metaliza","9":"pa__interier-latka-cerna","10":"pa__najazd-1857","11":"pa__objem-motora-324","12":"pa__palivo-nafta","13":"pa__pocet-sedadiel-26","14":"pa__prevodovka-manualni","15":"pa__vykon-401","16":"pa__znacka-opel-zafira-c-innovation-startstop","18":"first","19":"instock","20":"shipping-taxable","21":"purchasable","22":"product-type-simple"},"acf":[],"_links":{"self":[{"href":"https:\/\/www.topdovoz.sk\/index.php\/wp-json\/wp\/v2\/product\/17824","targetHints":{"allow":["GET"]}}],"collection":[{"href":"https:\/\/www.topdovoz.sk\/index.php\/wp-json\/wp\/v2\/product"}],"about":[{"href":"https:\/\/www.topdovoz.sk\/index.php\/wp-json\/wp\/v2\/types\/product"}],"replies":[{"embeddable":true,"href":"https:\/\/www.topdovoz.sk\/index.php\/wp-json\/wp\/v2\/comments?post=17824"}],"version-history":[{"count":0,"href":"https:\/\/www.topdovoz.sk\/index.php\/wp-json\/wp\/v2\/product\/17824\/revisions"}],"wp:featuredmedia":[{"embeddable":true,"href":"https:\/\/www.topdovoz.sk\/index.php\/wp-json\/wp\/v2\/media\/17791"}],"wp:attachment":[{"href":"https:\/\/www.topdovoz.sk\/index.php\/wp-json\/wp\/v2\/media?parent=17824"}],"wp:term":[{"taxonomy":"product_cat","embeddable":true,"href":"https:\/\/www.topdovoz.sk\/index.php\/wp-json\/wp\/v2\/product_cat?post=17824"},{"taxonomy":"product_tag","embeddable":true,"href":"https:\/\/www.topdovoz.sk\/index.php\/wp-json\/wp\/v2\/product_tag?post=17824"}],"curies":[{"name":"wp","href":"https:\/\/api.w.org\/{rel}","templated":true}]}}