{"id":17924,"date":"2025-05-06T11:23:54","date_gmt":"2025-05-06T09:23:54","guid":{"rendered":"https:\/\/www.topdovoz.sk\/index.php\/produkt\/bmw-320d-gran-turismo-xdrive-luxury-line-headup\/"},"modified":"2025-05-13T21:50:52","modified_gmt":"2025-05-13T19:50:52","slug":"bmw-320d-gran-turismo-xdrive-luxury-line-headup","status":"publish","type":"product","link":"https:\/\/www.topdovoz.sk\/index.php\/produkt\/bmw-320d-gran-turismo-xdrive-luxury-line-headup\/","title":{"rendered":"BMW 320d Gran Turismo xDrive Luxury Line HeadUp"},"content":{"rendered":"<ul>\n<li>ABS<\/li>\n<li>Apple CarPlay<\/li>\n<li>Arm rest<\/li>\n<li>Autom. dimming interior mirror<\/li>\n<li>Automatick\u00e1 klimatizace<\/li>\n<li>Bezkl\u00ed\u010dov\u00fd vstup<\/li>\n<li>Bluetooth<\/li>\n<li>Cargo barrier<\/li>\n<li>Centr\u00e1ln\u00ed zamyk\u00e1n\u00ed<\/li>\n<li>\u010celn\u00ed, bo\u010dn\u00ed a dal\u0161\u00ed airbagy<\/li>\n<li>Denn\u00ed sv\u011btlomety<\/li>\n<li>Electric heated rear seats<\/li>\n<li>Electric tailgate<\/li>\n<li>Elektrick\u00e1 bo\u010dn\u00ed zrc\u00e1tka<\/li>\n<li>Elektrick\u00e9 ovl\u00e1d\u00e1n\u00ed oken<\/li>\n<li>Elektricky vyh\u0159\u00edvan\u00e1 sedadla<\/li>\n<li>ESP<\/li>\n<li>Filtr pevn\u00fdch \u010d\u00e1stic<\/li>\n<li>Folding exterior mirrors<\/li>\n<li>Handsfree souprava<\/li>\n<li>Headlight washer system<\/li>\n<li>Heated windshield<\/li>\n<li>High beam assist<\/li>\n<li>Hill-start assist<\/li>\n<li>Imobiliz\u00e9r<\/li>\n<li>Isofix (ukotven\u00ed d\u011btsk\u00e9 seda\u010dky)<\/li>\n<li>Leather steering wheel<\/li>\n<li>Lit\u00e1 kola<\/li>\n<li>Mlhovky<\/li>\n<li>Multifunk\u010dn\u00ed volant<\/li>\n<li>N\u00e1hon na v\u0161echna kola<\/li>\n<li>Navigace<\/li>\n<li>Palubn\u00ed po\u010d\u00edta\u010d<\/li>\n<li>Panoramatick\u00e1 st\u0159echa<\/li>\n<li>Posilova\u010d \u0159\u00edzen\u00ed<\/li>\n<li>Regulace prokluzu kol<\/li>\n<li>Senzor de\u0161t\u011b<\/li>\n<li>Senzor osv\u011btlen\u00ed<\/li>\n<li>Sound system<\/li>\n<li>St\u0159e\u0161n\u00ed okno<\/li>\n<li>Summer tyres<\/li>\n<li>Syst\u00e9m chr\u00e1n\u00edc\u00ed p\u0159ed st\u0159ety<\/li>\n<li>Syst\u00e9m start-stop<\/li>\n<li>Syst\u00e9m upozorn\u011bn\u00ed na opu\u0161t\u011bn\u00ed j\u00edzdn\u00edho pruhu<\/li>\n<li>Tempomat<\/li>\n<li>Trailer coupling, swiveling<\/li>\n<li>Transparentn\u00ed displej HUD<\/li>\n<li>Tuner\/r\u00e1dio<\/li>\n<li>Tyre pressure monitoring<\/li>\n<li>\u00dapln\u00e1 servisn\u00ed historie<\/li>\n<li>USB port<\/li>\n<li>Vozidlo po neku\u0159\u00e1kovi<\/li>\n<li>Xenonov\u00e9 sv\u011btlomety<\/li>\n<\/ul>\n","protected":false},"excerpt":{"rendered":"<p>ABS Apple CarPlay Arm rest Autom. dimming interior mirror Automatick\u00e1 klimatizace Bezkl\u00ed\u010dov\u00fd vstup Bluetooth Cargo barrier Centr\u00e1ln\u00ed zamyk\u00e1n\u00ed \u010celn\u00ed, bo\u010dn\u00ed a dal\u0161\u00ed airbagy Denn\u00ed sv\u011btlomety Electric heated rear seats Electric tailgate Elektrick\u00e1 bo\u010dn\u00ed zrc\u00e1tka Elektrick\u00e9 ovl\u00e1d\u00e1n\u00ed oken Elektricky vyh\u0159\u00edvan\u00e1 sedadla ESP Filtr pevn\u00fdch \u010d\u00e1stic Folding exterior mirrors Handsfree souprava Headlight washer system Heated windshield High&hellip;&nbsp;<a href=\"https:\/\/www.topdovoz.sk\/index.php\/produkt\/bmw-320d-gran-turismo-xdrive-luxury-line-headup\/\" class=\"\" rel=\"bookmark\">\u010c\u00edta\u0165 viac &raquo;<span class=\"screen-reader-text\">BMW 320d Gran Turismo xDrive Luxury Line HeadUp<\/span><\/a><\/p>\n","protected":false},"featured_media":17908,"comment_status":"closed","ping_status":"closed","template":"","meta":{"_acf_changed":false,"neve_meta_sidebar":"","neve_meta_container":"","neve_meta_enable_content_width":"","neve_meta_content_width":0,"neve_meta_title_alignment":"","neve_meta_author_avatar":"","neve_post_elements_order":"","neve_meta_disable_header":"","neve_meta_disable_footer":"","neve_meta_disable_title":""},"product_cat":[183],"product_tag":[],"class_list":{"0":"post-17924","1":"product","2":"type-product","3":"status-publish","4":"has-post-thumbnail","6":"product_cat-bmw","7":"pa__datum-prvej-registracie-74","8":"pa__farba-seda-metaliza","9":"pa__interier-cele-v-kuzi-hneda","10":"pa__najazd-1864","11":"pa__objem-motora-261","12":"pa__palivo-nafta","13":"pa__pocet-sedadiel-26","14":"pa__prevodovka-automaticka","15":"pa__vykon-33","16":"pa__znacka-bmw-320d-gran-turismo-xdrive-luxury-line-headup","18":"first","19":"instock","20":"shipping-taxable","21":"purchasable","22":"product-type-simple"},"acf":[],"_links":{"self":[{"href":"https:\/\/www.topdovoz.sk\/index.php\/wp-json\/wp\/v2\/product\/17924","targetHints":{"allow":["GET"]}}],"collection":[{"href":"https:\/\/www.topdovoz.sk\/index.php\/wp-json\/wp\/v2\/product"}],"about":[{"href":"https:\/\/www.topdovoz.sk\/index.php\/wp-json\/wp\/v2\/types\/product"}],"replies":[{"embeddable":true,"href":"https:\/\/www.topdovoz.sk\/index.php\/wp-json\/wp\/v2\/comments?post=17924"}],"version-history":[{"count":0,"href":"https:\/\/www.topdovoz.sk\/index.php\/wp-json\/wp\/v2\/product\/17924\/revisions"}],"wp:featuredmedia":[{"embeddable":true,"href":"https:\/\/www.topdovoz.sk\/index.php\/wp-json\/wp\/v2\/media\/17908"}],"wp:attachment":[{"href":"https:\/\/www.topdovoz.sk\/index.php\/wp-json\/wp\/v2\/media?parent=17924"}],"wp:term":[{"taxonomy":"product_cat","embeddable":true,"href":"https:\/\/www.topdovoz.sk\/index.php\/wp-json\/wp\/v2\/product_cat?post=17924"},{"taxonomy":"product_tag","embeddable":true,"href":"https:\/\/www.topdovoz.sk\/index.php\/wp-json\/wp\/v2\/product_tag?post=17924"}],"curies":[{"name":"wp","href":"https:\/\/api.w.org\/{rel}","templated":true}]}}