{"id":18112,"date":"2025-05-12T17:33:29","date_gmt":"2025-05-12T15:33:29","guid":{"rendered":"https:\/\/www.topdovoz.sk\/index.php\/produkt\/audi-rs6-rs6-performance-4-0-tfsi-quattro-keramik-2\/"},"modified":"2025-05-13T21:50:27","modified_gmt":"2025-05-13T19:50:27","slug":"audi-rs6-rs6-performance-4-0-tfsi-quattro-keramik-2","status":"publish","type":"product","link":"https:\/\/www.topdovoz.sk\/index.php\/produkt\/audi-rs6-rs6-performance-4-0-tfsi-quattro-keramik-2\/","title":{"rendered":"Audi RS6 RS6 PERFORMANCE 4.0 TFSI quattro\/ KERAMIK\/ 2"},"content":{"rendered":"<ul>\n<li>ABS<\/li>\n<li>Adaptive Cruise Control<\/li>\n<li>Adaptivn\u00ed sv\u011btlomety<\/li>\n<li>Alarm system<\/li>\n<li>Ambient lighting<\/li>\n<li>Android Auto<\/li>\n<li>Apple CarPlay<\/li>\n<li>Arm rest<\/li>\n<li>Autom. dimming interior mirror<\/li>\n<li>Automatick\u00e1 klimatizace<\/li>\n<li>Bezkl\u00ed\u010dov\u00fd vstup<\/li>\n<li>Bluetooth<\/li>\n<li>Centr\u00e1ln\u00ed zamyk\u00e1n\u00ed<\/li>\n<li>\u010celn\u00ed, bo\u010dn\u00ed a dal\u0161\u00ed airbagy<\/li>\n<li>DAB radio<\/li>\n<li>Digital cockpit<\/li>\n<li>Distance warning system<\/li>\n<li>Electric tailgate<\/li>\n<li>Elektrick\u00e1 bo\u010dn\u00ed zrc\u00e1tka<\/li>\n<li>Elektrick\u00e9 nastaven\u00ed sedadla<\/li>\n<li>Elektrick\u00e9 ovl\u00e1d\u00e1n\u00ed oken<\/li>\n<li>Elektricky vyh\u0159\u00edvan\u00e1 sedadla<\/li>\n<li>Emergency call system<\/li>\n<li>Emergency tyre repair kit<\/li>\n<li>ESP<\/li>\n<li>Fatigue warning system<\/li>\n<li>Fold flat passenger seat<\/li>\n<li>Glare-free high beam headlights<\/li>\n<li>Handsfree souprava<\/li>\n<li>Headlight washer system<\/li>\n<li>Heated steering wheel<\/li>\n<li>Heated windshield<\/li>\n<li>High beam assist<\/li>\n<li>Hill-start assist<\/li>\n<li>Imobiliz\u00e9r<\/li>\n<li>Induction charging for smartphones<\/li>\n<li>Integrated music streaming<\/li>\n<li>Isofix (ukotven\u00ed d\u011btsk\u00e9 seda\u010dky)<\/li>\n<li>Laser headlights<\/li>\n<li>Leather steering wheel<\/li>\n<li>LED running lights<\/li>\n<li>Lit\u00e1 kola<\/li>\n<li>Lumbar support<\/li>\n<li>Mlhovky<\/li>\n<li>Monitor slep\u00e9ho \u00fahlu<\/li>\n<li>Multifunk\u010dn\u00ed volant<\/li>\n<li>Navigace<\/li>\n<li>Odv\u011btr\u00e1van\u00e1 sedadla<\/li>\n<li>Paddle shifters<\/li>\n<li>Palubn\u00ed po\u010d\u00edta\u010d<\/li>\n<li>Panoramatick\u00e1 st\u0159echa<\/li>\n<li>Passenger seat Isofix point<\/li>\n<li>Pneumatick\u00e9 p\u00e9rov\u00e1n\u00ed<\/li>\n<li>Posilova\u010d \u0159\u00edzen\u00ed<\/li>\n<li>P\u0159ehr\u00e1va\u010d CD<\/li>\n<li>Regulace prokluzu kol<\/li>\n<li>Senzor de\u0161t\u011b<\/li>\n<li>Senzor osv\u011btlen\u00ed<\/li>\n<li>Smoker&#039;s package<\/li>\n<li>Sound system<\/li>\n<li>Speed limit control system<\/li>\n<li>Sportovn\u00ed odpru\u017een\u00ed<\/li>\n<li>Sportovn\u00ed paket<\/li>\n<li>Sportovn\u00ed seda\u010dky<\/li>\n<li>St\u0159e\u0161n\u00ed okno<\/li>\n<li>Summer tyres<\/li>\n<li>Syst\u00e9m chr\u00e1n\u00edc\u00ed p\u0159ed st\u0159ety<\/li>\n<li>Syst\u00e9m start-stop<\/li>\n<li>Syst\u00e9m upozorn\u011bn\u00ed na opu\u0161t\u011bn\u00ed j\u00edzdn\u00edho pruhu<\/li>\n<li>Touchscreen<\/li>\n<li>Traffic sign recognition<\/li>\n<li>Trailer coupling, swiveling<\/li>\n<li>Transparentn\u00ed displej HUD<\/li>\n<li>Tuner\/r\u00e1dio<\/li>\n<li>Tyre pressure monitoring<\/li>\n<li>USB port<\/li>\n<li>Vak na ly\u017ee<\/li>\n<li>Voice control<\/li>\n<li>Vozidlo po neku\u0159\u00e1kovi<\/li>\n<li>Winter package<\/li>\n<li>WLAN \/ WiFi hotspot<\/li>\n<li>Z\u00e1ruka<\/li>\n<\/ul>\n","protected":false},"excerpt":{"rendered":"<p>ABS Adaptive Cruise Control Adaptivn\u00ed sv\u011btlomety Alarm system Ambient lighting Android Auto Apple CarPlay Arm rest Autom. dimming interior mirror Automatick\u00e1 klimatizace Bezkl\u00ed\u010dov\u00fd vstup Bluetooth Centr\u00e1ln\u00ed zamyk\u00e1n\u00ed \u010celn\u00ed, bo\u010dn\u00ed a dal\u0161\u00ed airbagy DAB radio Digital cockpit Distance warning system Electric tailgate Elektrick\u00e1 bo\u010dn\u00ed zrc\u00e1tka Elektrick\u00e9 nastaven\u00ed sedadla Elektrick\u00e9 ovl\u00e1d\u00e1n\u00ed oken Elektricky vyh\u0159\u00edvan\u00e1 sedadla Emergency call&hellip;&nbsp;<a href=\"https:\/\/www.topdovoz.sk\/index.php\/produkt\/audi-rs6-rs6-performance-4-0-tfsi-quattro-keramik-2\/\" class=\"\" rel=\"bookmark\">\u010c\u00edta\u0165 viac &raquo;<span class=\"screen-reader-text\">Audi RS6 RS6 PERFORMANCE 4.0 TFSI quattro\/ KERAMIK\/ 2<\/span><\/a><\/p>\n","protected":false},"featured_media":18096,"comment_status":"closed","ping_status":"closed","template":"","meta":{"_acf_changed":false,"neve_meta_sidebar":"","neve_meta_container":"","neve_meta_enable_content_width":"","neve_meta_content_width":0,"neve_meta_title_alignment":"","neve_meta_author_avatar":"","neve_post_elements_order":"","neve_meta_disable_header":"","neve_meta_disable_footer":"","neve_meta_disable_title":""},"product_cat":[106],"product_tag":[],"class_list":{"0":"post-18112","1":"product","2":"type-product","3":"status-publish","4":"has-post-thumbnail","6":"product_cat-audi","7":"pa__datum-prvej-registracie-1885","8":"pa__farba-seda","9":"pa__interier-cele-v-kuzi-cerna","10":"pa__najazd-852","11":"pa__objem-motora-672","12":"pa__palivo-benzin","13":"pa__pocet-sedadiel-26","14":"pa__prevodovka-automaticka","15":"pa__vykon-673","16":"pa__znacka-audi-rs6-rs6-performance-4-0-tfsi-quattro-keramik-2","18":"first","19":"instock","20":"shipping-taxable","21":"purchasable","22":"product-type-simple"},"acf":[],"_links":{"self":[{"href":"https:\/\/www.topdovoz.sk\/index.php\/wp-json\/wp\/v2\/product\/18112","targetHints":{"allow":["GET"]}}],"collection":[{"href":"https:\/\/www.topdovoz.sk\/index.php\/wp-json\/wp\/v2\/product"}],"about":[{"href":"https:\/\/www.topdovoz.sk\/index.php\/wp-json\/wp\/v2\/types\/product"}],"replies":[{"embeddable":true,"href":"https:\/\/www.topdovoz.sk\/index.php\/wp-json\/wp\/v2\/comments?post=18112"}],"version-history":[{"count":0,"href":"https:\/\/www.topdovoz.sk\/index.php\/wp-json\/wp\/v2\/product\/18112\/revisions"}],"wp:featuredmedia":[{"embeddable":true,"href":"https:\/\/www.topdovoz.sk\/index.php\/wp-json\/wp\/v2\/media\/18096"}],"wp:attachment":[{"href":"https:\/\/www.topdovoz.sk\/index.php\/wp-json\/wp\/v2\/media?parent=18112"}],"wp:term":[{"taxonomy":"product_cat","embeddable":true,"href":"https:\/\/www.topdovoz.sk\/index.php\/wp-json\/wp\/v2\/product_cat?post=18112"},{"taxonomy":"product_tag","embeddable":true,"href":"https:\/\/www.topdovoz.sk\/index.php\/wp-json\/wp\/v2\/product_tag?post=18112"}],"curies":[{"name":"wp","href":"https:\/\/api.w.org\/{rel}","templated":true}]}}