{"id":18129,"date":"2025-05-12T17:33:56","date_gmt":"2025-05-12T15:33:56","guid":{"rendered":"https:\/\/www.topdovoz.sk\/index.php\/produkt\/volkswagen-t7-multivan-edition-lu-vis-a-vis-navi-ahk-18abt\/"},"modified":"2025-05-13T21:50:24","modified_gmt":"2025-05-13T19:50:24","slug":"volkswagen-t7-multivan-edition-lu-vis-a-vis-navi-ahk-18abt","status":"publish","type":"product","link":"https:\/\/www.topdovoz.sk\/index.php\/produkt\/volkswagen-t7-multivan-edition-lu-vis-a-vis-navi-ahk-18abt\/","title":{"rendered":"Volkswagen T7 Multivan EDITION L\u00dc Vis-a-Vis Navi AHK 18&#8243;ABT"},"content":{"rendered":"<ul>\n<li>ABS<\/li>\n<li>Adaptive cornering lights<\/li>\n<li>Alarm system<\/li>\n<li>Ambient lighting<\/li>\n<li>Android Auto<\/li>\n<li>Apple CarPlay<\/li>\n<li>Arm rest<\/li>\n<li>Autom. dimming interior mirror<\/li>\n<li>Automatic climatisation, 3 zones<\/li>\n<li>Bluetooth<\/li>\n<li>Cargo barrier<\/li>\n<li>Centr\u00e1ln\u00ed zamyk\u00e1n\u00ed<\/li>\n<li>\u010celn\u00ed, bo\u010dn\u00ed a dal\u0161\u00ed airbagy<\/li>\n<li>DAB radio<\/li>\n<li>Digital cockpit<\/li>\n<li>Distance warning system<\/li>\n<li>Electric tailgate<\/li>\n<li>Elektrick\u00e1 bo\u010dn\u00ed zrc\u00e1tka<\/li>\n<li>Elektrick\u00e9 nastaven\u00ed sedadla<\/li>\n<li>Elektrick\u00e9 ovl\u00e1d\u00e1n\u00ed oken<\/li>\n<li>Elektricky vyh\u0159\u00edvan\u00e1 sedadla<\/li>\n<li>Emergency call system<\/li>\n<li>Emergency tyre repair kit<\/li>\n<li>ESP<\/li>\n<li>Fatigue warning system<\/li>\n<li>Filtr pevn\u00fdch \u010d\u00e1stic<\/li>\n<li>Folding exterior mirrors<\/li>\n<li>Front wheel drive<\/li>\n<li>Glare-free high beam headlights<\/li>\n<li>Handsfree souprava<\/li>\n<li>Headlight washer system<\/li>\n<li>High beam assist<\/li>\n<li>Hill-start assist<\/li>\n<li>Imobiliz\u00e9r<\/li>\n<li>Integrated music streaming<\/li>\n<li>Isofix (ukotven\u00ed d\u011btsk\u00e9 seda\u010dky)<\/li>\n<li>Leather steering wheel<\/li>\n<li>LED running lights<\/li>\n<li>LED sv\u011btlomety<\/li>\n<li>Lit\u00e1 kola<\/li>\n<li>Lumbar support<\/li>\n<li>Mlhovky<\/li>\n<li>Multifunk\u010dn\u00ed volant<\/li>\n<li>Navigace<\/li>\n<li>Palubn\u00ed po\u010d\u00edta\u010d<\/li>\n<li>Posilova\u010d \u0159\u00edzen\u00ed<\/li>\n<li>Regulace prokluzu kol<\/li>\n<li>Senzor de\u0161t\u011b<\/li>\n<li>Senzor osv\u011btlen\u00ed<\/li>\n<li>Smoker&#039;s package<\/li>\n<li>Speed limit control system<\/li>\n<li>Sportovn\u00ed odpru\u017een\u00ed<\/li>\n<li>Sportovn\u00ed paket<\/li>\n<li>St\u0159e\u0161n\u00ed nosi\u010d<\/li>\n<li>Summer tyres<\/li>\n<li>Syst\u00e9m chr\u00e1n\u00edc\u00ed p\u0159ed st\u0159ety<\/li>\n<li>Syst\u00e9m start-stop<\/li>\n<li>Tempomat<\/li>\n<li>Tinted windows<\/li>\n<li>Touchscreen<\/li>\n<li>Traffic sign recognition<\/li>\n<li>Trailer coupling, detachable<\/li>\n<li>Tuner\/r\u00e1dio<\/li>\n<li>Tyre pressure monitoring<\/li>\n<li>USB port<\/li>\n<li>Voice control<\/li>\n<li>Vozidlo po neku\u0159\u00e1kovi<\/li>\n<li>Winter package<\/li>\n<li>WLAN \/ WiFi hotspot<\/li>\n<li>Z\u00e1ruka<\/li>\n<\/ul>\n","protected":false},"excerpt":{"rendered":"<p>ABS Adaptive cornering lights Alarm system Ambient lighting Android Auto Apple CarPlay Arm rest Autom. dimming interior mirror Automatic climatisation, 3 zones Bluetooth Cargo barrier Centr\u00e1ln\u00ed zamyk\u00e1n\u00ed \u010celn\u00ed, bo\u010dn\u00ed a dal\u0161\u00ed airbagy DAB radio Digital cockpit Distance warning system Electric tailgate Elektrick\u00e1 bo\u010dn\u00ed zrc\u00e1tka Elektrick\u00e9 nastaven\u00ed sedadla Elektrick\u00e9 ovl\u00e1d\u00e1n\u00ed oken Elektricky vyh\u0159\u00edvan\u00e1 sedadla Emergency call&hellip;&nbsp;<a href=\"https:\/\/www.topdovoz.sk\/index.php\/produkt\/volkswagen-t7-multivan-edition-lu-vis-a-vis-navi-ahk-18abt\/\" class=\"\" rel=\"bookmark\">\u010c\u00edta\u0165 viac &raquo;<span class=\"screen-reader-text\">Volkswagen T7 Multivan EDITION L\u00dc Vis-a-Vis Navi AHK 18&#8243;ABT<\/span><\/a><\/p>\n","protected":false},"featured_media":18113,"comment_status":"closed","ping_status":"closed","template":"","meta":{"_acf_changed":false,"neve_meta_sidebar":"","neve_meta_container":"","neve_meta_enable_content_width":"","neve_meta_content_width":0,"neve_meta_title_alignment":"","neve_meta_author_avatar":"","neve_post_elements_order":"","neve_meta_disable_header":"","neve_meta_disable_footer":"","neve_meta_disable_title":""},"product_cat":[125],"product_tag":[],"class_list":{"0":"post-18129","1":"product","2":"type-product","3":"status-publish","4":"has-post-thumbnail","6":"product_cat-volkswagen","7":"pa__datum-prvej-registracie-634","8":"pa__farba-seda","9":"pa__interier-latka-seda","10":"pa__najazd-1887","11":"pa__objem-motora-38","12":"pa__palivo-nafta","13":"pa__pocet-sedadiel-70","14":"pa__prevodovka-automaticka","15":"pa__vykon-83","16":"pa__znacka-volkswagen-t7-multivan-edition-lu-vis-a-vis-navi-ahk-18abt","18":"first","19":"instock","20":"shipping-taxable","21":"purchasable","22":"product-type-simple"},"acf":[],"_links":{"self":[{"href":"https:\/\/www.topdovoz.sk\/index.php\/wp-json\/wp\/v2\/product\/18129","targetHints":{"allow":["GET"]}}],"collection":[{"href":"https:\/\/www.topdovoz.sk\/index.php\/wp-json\/wp\/v2\/product"}],"about":[{"href":"https:\/\/www.topdovoz.sk\/index.php\/wp-json\/wp\/v2\/types\/product"}],"replies":[{"embeddable":true,"href":"https:\/\/www.topdovoz.sk\/index.php\/wp-json\/wp\/v2\/comments?post=18129"}],"version-history":[{"count":0,"href":"https:\/\/www.topdovoz.sk\/index.php\/wp-json\/wp\/v2\/product\/18129\/revisions"}],"wp:featuredmedia":[{"embeddable":true,"href":"https:\/\/www.topdovoz.sk\/index.php\/wp-json\/wp\/v2\/media\/18113"}],"wp:attachment":[{"href":"https:\/\/www.topdovoz.sk\/index.php\/wp-json\/wp\/v2\/media?parent=18129"}],"wp:term":[{"taxonomy":"product_cat","embeddable":true,"href":"https:\/\/www.topdovoz.sk\/index.php\/wp-json\/wp\/v2\/product_cat?post=18129"},{"taxonomy":"product_tag","embeddable":true,"href":"https:\/\/www.topdovoz.sk\/index.php\/wp-json\/wp\/v2\/product_tag?post=18129"}],"curies":[{"name":"wp","href":"https:\/\/api.w.org\/{rel}","templated":true}]}}