{"id":18442,"date":"2025-05-12T17:37:56","date_gmt":"2025-05-12T15:37:56","guid":{"rendered":"https:\/\/www.topdovoz.sk\/index.php\/produkt\/skoda-karoq-sportline-1-5l-tsi-dsg-led-klima-dcc-ahzv-2\/"},"modified":"2025-05-13T21:49:41","modified_gmt":"2025-05-13T19:49:41","slug":"skoda-karoq-sportline-1-5l-tsi-dsg-led-klima-dcc-ahzv-2","status":"publish","type":"product","link":"https:\/\/www.topdovoz.sk\/index.php\/produkt\/skoda-karoq-sportline-1-5l-tsi-dsg-led-klima-dcc-ahzv-2\/","title":{"rendered":"Skoda Karoq Sportline 1.5l TSI DSG LED Klima DCC AHZV"},"content":{"rendered":"<ul>\n<li>ABS<\/li>\n<li>Adaptivn\u00ed sv\u011btlomety<\/li>\n<li>Ambient lighting<\/li>\n<li>Autom. dimming interior mirror<\/li>\n<li>Automatic climatisation, 2 zones<\/li>\n<li>Bezkl\u00ed\u010dov\u00fd vstup<\/li>\n<li>Cargo barrier<\/li>\n<li>Centr\u00e1ln\u00ed zamyk\u00e1n\u00ed<\/li>\n<li>\u010celn\u00ed, bo\u010dn\u00ed a dal\u0161\u00ed airbagy<\/li>\n<li>DAB radio<\/li>\n<li>Distance warning system<\/li>\n<li>Electric heated rear seats<\/li>\n<li>Electric tailgate<\/li>\n<li>Elektrick\u00e1 bo\u010dn\u00ed zrc\u00e1tka<\/li>\n<li>Elektrick\u00e9 ovl\u00e1d\u00e1n\u00ed oken<\/li>\n<li>Elektricky vyh\u0159\u00edvan\u00e1 sedadla<\/li>\n<li>ESP<\/li>\n<li>Fatigue warning system<\/li>\n<li>Front wheel drive<\/li>\n<li>Headlight washer system<\/li>\n<li>Hill-start assist<\/li>\n<li>Imobiliz\u00e9r<\/li>\n<li>Isofix (ukotven\u00ed d\u011btsk\u00e9 seda\u010dky)<\/li>\n<li>LED running lights<\/li>\n<li>LED sv\u011btlomety<\/li>\n<li>Lumbar support<\/li>\n<li>Mlhovky<\/li>\n<li>Navigace<\/li>\n<li>Posilova\u010d \u0159\u00edzen\u00ed<\/li>\n<li>Regulace prokluzu kol<\/li>\n<li>Senzor osv\u011btlen\u00ed<\/li>\n<li>Speed limit control system<\/li>\n<li>Syst\u00e9m chr\u00e1n\u00edc\u00ed p\u0159ed st\u0159ety<\/li>\n<li>Syst\u00e9m start-stop<\/li>\n<li>Tempomat<\/li>\n<li>Traffic sign recognition<\/li>\n<li>Trailer coupling, swiveling<\/li>\n<li>Tuner\/r\u00e1dio<\/li>\n<li>Tyre pressure monitoring<\/li>\n<li>\u00dapln\u00e1 servisn\u00ed historie<\/li>\n<li>Voice control<\/li>\n<li>Vozidlo po neku\u0159\u00e1kovi<\/li>\n<li>Z\u00e1ruka<\/li>\n<\/ul>\n","protected":false},"excerpt":{"rendered":"<p>ABS Adaptivn\u00ed sv\u011btlomety Ambient lighting Autom. dimming interior mirror Automatic climatisation, 2 zones Bezkl\u00ed\u010dov\u00fd vstup Cargo barrier Centr\u00e1ln\u00ed zamyk\u00e1n\u00ed \u010celn\u00ed, bo\u010dn\u00ed a dal\u0161\u00ed airbagy DAB radio Distance warning system Electric heated rear seats Electric tailgate Elektrick\u00e1 bo\u010dn\u00ed zrc\u00e1tka Elektrick\u00e9 ovl\u00e1d\u00e1n\u00ed oken Elektricky vyh\u0159\u00edvan\u00e1 sedadla ESP Fatigue warning system Front wheel drive Headlight washer system Hill-start&hellip;&nbsp;<a href=\"https:\/\/www.topdovoz.sk\/index.php\/produkt\/skoda-karoq-sportline-1-5l-tsi-dsg-led-klima-dcc-ahzv-2\/\" class=\"\" rel=\"bookmark\">\u010c\u00edta\u0165 viac &raquo;<span class=\"screen-reader-text\">Skoda Karoq Sportline 1.5l TSI DSG LED Klima DCC AHZV<\/span><\/a><\/p>\n","protected":false},"featured_media":18409,"comment_status":"closed","ping_status":"closed","template":"","meta":{"_acf_changed":false,"neve_meta_sidebar":"","neve_meta_container":"","neve_meta_enable_content_width":"","neve_meta_content_width":0,"neve_meta_title_alignment":"","neve_meta_author_avatar":"","neve_post_elements_order":"","neve_meta_disable_header":"","neve_meta_disable_footer":"","neve_meta_disable_title":""},"product_cat":[242],"product_tag":[],"class_list":{"0":"post-18442","1":"product","2":"type-product","3":"status-publish","4":"has-post-thumbnail","6":"product_cat-skoda","7":"pa__datum-prvej-registracie-186","8":"pa__farba-cervena-metaliza","9":"pa__interier-latka-cervena","10":"pa__najazd-1907","11":"pa__objem-motora-378","12":"pa__palivo-benzin-podpora-e10","13":"pa__pocet-sedadiel-26","14":"pa__prevodovka-automaticka","15":"pa__vykon-39","16":"pa__znacka-skoda-karoq-sportline-1-5l-tsi-dsg-led-klima-dcc-ahzv","18":"first","19":"instock","20":"shipping-taxable","21":"purchasable","22":"product-type-simple"},"acf":[],"_links":{"self":[{"href":"https:\/\/www.topdovoz.sk\/index.php\/wp-json\/wp\/v2\/product\/18442","targetHints":{"allow":["GET"]}}],"collection":[{"href":"https:\/\/www.topdovoz.sk\/index.php\/wp-json\/wp\/v2\/product"}],"about":[{"href":"https:\/\/www.topdovoz.sk\/index.php\/wp-json\/wp\/v2\/types\/product"}],"replies":[{"embeddable":true,"href":"https:\/\/www.topdovoz.sk\/index.php\/wp-json\/wp\/v2\/comments?post=18442"}],"version-history":[{"count":0,"href":"https:\/\/www.topdovoz.sk\/index.php\/wp-json\/wp\/v2\/product\/18442\/revisions"}],"wp:featuredmedia":[{"embeddable":true,"href":"https:\/\/www.topdovoz.sk\/index.php\/wp-json\/wp\/v2\/media\/18409"}],"wp:attachment":[{"href":"https:\/\/www.topdovoz.sk\/index.php\/wp-json\/wp\/v2\/media?parent=18442"}],"wp:term":[{"taxonomy":"product_cat","embeddable":true,"href":"https:\/\/www.topdovoz.sk\/index.php\/wp-json\/wp\/v2\/product_cat?post=18442"},{"taxonomy":"product_tag","embeddable":true,"href":"https:\/\/www.topdovoz.sk\/index.php\/wp-json\/wp\/v2\/product_tag?post=18442"}],"curies":[{"name":"wp","href":"https:\/\/api.w.org\/{rel}","templated":true}]}}