{"id":18511,"date":"2025-05-12T17:38:49","date_gmt":"2025-05-12T15:38:49","guid":{"rendered":"https:\/\/www.topdovoz.sk\/index.php\/produkt\/skoda-superb-combi-sportline-1-4-iv-top-2\/"},"modified":"2025-05-13T21:49:33","modified_gmt":"2025-05-13T19:49:33","slug":"skoda-superb-combi-sportline-1-4-iv-top-2","status":"publish","type":"product","link":"https:\/\/www.topdovoz.sk\/index.php\/produkt\/skoda-superb-combi-sportline-1-4-iv-top-2\/","title":{"rendered":"Skoda Superb Combi Sportline 1.4 iV TOP"},"content":{"rendered":"<ul>\n<li>ABS<\/li>\n<li>Adaptivn\u00ed sv\u011btlomety<\/li>\n<li>Alarm system<\/li>\n<li>Arm rest<\/li>\n<li>Automatick\u00e1 klimatizace<\/li>\n<li>Bezkl\u00ed\u010dov\u00fd vstup<\/li>\n<li>Bluetooth<\/li>\n<li>Centr\u00e1ln\u00ed zamyk\u00e1n\u00ed<\/li>\n<li>\u010celn\u00ed, bo\u010dn\u00ed a dal\u0161\u00ed airbagy<\/li>\n<li>Electric tailgate<\/li>\n<li>Elektrick\u00e1 bo\u010dn\u00ed zrc\u00e1tka<\/li>\n<li>Elektrick\u00e9 nastaven\u00ed sedadla<\/li>\n<li>Elektrick\u00e9 ovl\u00e1d\u00e1n\u00ed oken<\/li>\n<li>Elektricky vyh\u0159\u00edvan\u00e1 sedadla<\/li>\n<li>Emergency tyre repair kit<\/li>\n<li>ESP<\/li>\n<li>Folding exterior mirrors<\/li>\n<li>Front wheel drive<\/li>\n<li>Handsfree souprava<\/li>\n<li>High beam assist<\/li>\n<li>Imobiliz\u00e9r<\/li>\n<li>Isofix (ukotven\u00ed d\u011btsk\u00e9 seda\u010dky)<\/li>\n<li>Leather steering wheel<\/li>\n<li>LED running lights<\/li>\n<li>Lit\u00e1 kola<\/li>\n<li>Mlhovky<\/li>\n<li>Multifunk\u010dn\u00ed volant<\/li>\n<li>Navigace<\/li>\n<li>Palubn\u00ed po\u010d\u00edta\u010d<\/li>\n<li>Posilova\u010d \u0159\u00edzen\u00ed<\/li>\n<li>P\u0159ehr\u00e1va\u010d CD<\/li>\n<li>Senzor de\u0161t\u011b<\/li>\n<li>Sound system<\/li>\n<li>Sportovn\u00ed paket<\/li>\n<li>Sportovn\u00ed seda\u010dky<\/li>\n<li>St\u0159e\u0161n\u00ed nosi\u010d<\/li>\n<li>Syst\u00e9m start-stop<\/li>\n<li>Tempomat<\/li>\n<li>Tinted windows<\/li>\n<li>Touchscreen<\/li>\n<li>\u00dapln\u00e1 servisn\u00ed historie<\/li>\n<li>USB port<\/li>\n<li>Vozidlo po neku\u0159\u00e1kovi<\/li>\n<li>Xenonov\u00e9 sv\u011btlomety<\/li>\n<\/ul>\n","protected":false},"excerpt":{"rendered":"<p>ABS Adaptivn\u00ed sv\u011btlomety Alarm system Arm rest Automatick\u00e1 klimatizace Bezkl\u00ed\u010dov\u00fd vstup Bluetooth Centr\u00e1ln\u00ed zamyk\u00e1n\u00ed \u010celn\u00ed, bo\u010dn\u00ed a dal\u0161\u00ed airbagy Electric tailgate Elektrick\u00e1 bo\u010dn\u00ed zrc\u00e1tka Elektrick\u00e9 nastaven\u00ed sedadla Elektrick\u00e9 ovl\u00e1d\u00e1n\u00ed oken Elektricky vyh\u0159\u00edvan\u00e1 sedadla Emergency tyre repair kit ESP Folding exterior mirrors Front wheel drive Handsfree souprava High beam assist Imobiliz\u00e9r Isofix (ukotven\u00ed d\u011btsk\u00e9 seda\u010dky) Leather&hellip;&nbsp;<a href=\"https:\/\/www.topdovoz.sk\/index.php\/produkt\/skoda-superb-combi-sportline-1-4-iv-top-2\/\" class=\"\" rel=\"bookmark\">\u010c\u00edta\u0165 viac &raquo;<span class=\"screen-reader-text\">Skoda Superb Combi Sportline 1.4 iV TOP<\/span><\/a><\/p>\n","protected":false},"featured_media":18477,"comment_status":"closed","ping_status":"closed","template":"","meta":{"_acf_changed":false,"neve_meta_sidebar":"","neve_meta_container":"","neve_meta_enable_content_width":"","neve_meta_content_width":0,"neve_meta_title_alignment":"","neve_meta_author_avatar":"","neve_post_elements_order":"","neve_meta_disable_header":"","neve_meta_disable_footer":"","neve_meta_disable_title":""},"product_cat":[242],"product_tag":[],"class_list":{"0":"post-18511","1":"product","2":"type-product","3":"status-publish","4":"has-post-thumbnail","6":"product_cat-skoda","7":"pa__datum-prvej-registracie-186","8":"pa__farba-modra-metaliza","9":"pa__interier-alcantara-cerna","10":"pa__najazd-1911","11":"pa__objem-motora-98","12":"pa__palivo-hybridni-benzinovyelektricky","13":"pa__pocet-sedadiel-26","14":"pa__prevodovka-automaticka","15":"pa__vykon-929","16":"pa__znacka-skoda-superb-combi-sportline-1-4-iv-top","18":"first","19":"instock","20":"shipping-taxable","21":"purchasable","22":"product-type-simple"},"acf":[],"_links":{"self":[{"href":"https:\/\/www.topdovoz.sk\/index.php\/wp-json\/wp\/v2\/product\/18511","targetHints":{"allow":["GET"]}}],"collection":[{"href":"https:\/\/www.topdovoz.sk\/index.php\/wp-json\/wp\/v2\/product"}],"about":[{"href":"https:\/\/www.topdovoz.sk\/index.php\/wp-json\/wp\/v2\/types\/product"}],"replies":[{"embeddable":true,"href":"https:\/\/www.topdovoz.sk\/index.php\/wp-json\/wp\/v2\/comments?post=18511"}],"version-history":[{"count":0,"href":"https:\/\/www.topdovoz.sk\/index.php\/wp-json\/wp\/v2\/product\/18511\/revisions"}],"wp:featuredmedia":[{"embeddable":true,"href":"https:\/\/www.topdovoz.sk\/index.php\/wp-json\/wp\/v2\/media\/18477"}],"wp:attachment":[{"href":"https:\/\/www.topdovoz.sk\/index.php\/wp-json\/wp\/v2\/media?parent=18511"}],"wp:term":[{"taxonomy":"product_cat","embeddable":true,"href":"https:\/\/www.topdovoz.sk\/index.php\/wp-json\/wp\/v2\/product_cat?post=18511"},{"taxonomy":"product_tag","embeddable":true,"href":"https:\/\/www.topdovoz.sk\/index.php\/wp-json\/wp\/v2\/product_tag?post=18511"}],"curies":[{"name":"wp","href":"https:\/\/api.w.org\/{rel}","templated":true}]}}