{"id":18597,"date":"2025-05-12T18:30:46","date_gmt":"2025-05-12T16:30:46","guid":{"rendered":"https:\/\/www.topdovoz.sk\/index.php\/produkt\/porsche-cayman-718-gt4-clubsportpaket-sportabgas-bose\/"},"modified":"2025-05-13T21:49:19","modified_gmt":"2025-05-13T19:49:19","slug":"porsche-cayman-718-gt4-clubsportpaket-sportabgas-bose","status":"publish","type":"product","link":"https:\/\/www.topdovoz.sk\/index.php\/produkt\/porsche-cayman-718-gt4-clubsportpaket-sportabgas-bose\/","title":{"rendered":"Porsche Cayman 718 GT4 Clubsportpaket Sportabgas BOSE"},"content":{"rendered":"<ul>\n<li>ABS<\/li>\n<li>Adaptivn\u00ed sv\u011btlomety<\/li>\n<li>Alarm system<\/li>\n<li>Apple CarPlay<\/li>\n<li>Autom. dimming interior mirror<\/li>\n<li>Automatic climatisation, 2 zones<\/li>\n<li>Bluetooth<\/li>\n<li>Centr\u00e1ln\u00ed zamyk\u00e1n\u00ed<\/li>\n<li>\u010celn\u00ed, bo\u010dn\u00ed a dal\u0161\u00ed airbagy<\/li>\n<li>DAB radio<\/li>\n<li>Elektrick\u00e1 bo\u010dn\u00ed zrc\u00e1tka<\/li>\n<li>Elektrick\u00e9 ovl\u00e1d\u00e1n\u00ed oken<\/li>\n<li>Emergency tyre repair kit<\/li>\n<li>ESP<\/li>\n<li>Folding exterior mirrors<\/li>\n<li>Headlight washer system<\/li>\n<li>Imobiliz\u00e9r<\/li>\n<li>Leather steering wheel<\/li>\n<li>LED running lights<\/li>\n<li>LED sv\u011btlomety<\/li>\n<li>Lit\u00e1 kola<\/li>\n<li>Navigace<\/li>\n<li>Palubn\u00ed po\u010d\u00edta\u010d<\/li>\n<li>Posilova\u010d \u0159\u00edzen\u00ed<\/li>\n<li>P\u0159ehr\u00e1va\u010d CD<\/li>\n<li>Rear wheel drive<\/li>\n<li>Regulace prokluzu kol<\/li>\n<li>Senzor de\u0161t\u011b<\/li>\n<li>Senzor osv\u011btlen\u00ed<\/li>\n<li>Smoker&#039;s package<\/li>\n<li>Sound system<\/li>\n<li>Speed limit control system<\/li>\n<li>Sportovn\u00ed odpru\u017een\u00ed<\/li>\n<li>Sportovn\u00ed paket<\/li>\n<li>Syst\u00e9m start-stop<\/li>\n<li>Tempomat<\/li>\n<li>Traffic sign recognition<\/li>\n<li>Tuner\/r\u00e1dio<\/li>\n<li>Tyre pressure monitoring<\/li>\n<li>\u00dapln\u00e1 servisn\u00ed historie<\/li>\n<li>USB port<\/li>\n<li>Voice control<\/li>\n<li>Z\u00e1ruka<\/li>\n<\/ul>\n","protected":false},"excerpt":{"rendered":"<p>ABS Adaptivn\u00ed sv\u011btlomety Alarm system Apple CarPlay Autom. dimming interior mirror Automatic climatisation, 2 zones Bluetooth Centr\u00e1ln\u00ed zamyk\u00e1n\u00ed \u010celn\u00ed, bo\u010dn\u00ed a dal\u0161\u00ed airbagy DAB radio Elektrick\u00e1 bo\u010dn\u00ed zrc\u00e1tka Elektrick\u00e9 ovl\u00e1d\u00e1n\u00ed oken Emergency tyre repair kit ESP Folding exterior mirrors Headlight washer system Imobiliz\u00e9r Leather steering wheel LED running lights LED sv\u011btlomety Lit\u00e1 kola Navigace Palubn\u00ed&hellip;&nbsp;<a href=\"https:\/\/www.topdovoz.sk\/index.php\/produkt\/porsche-cayman-718-gt4-clubsportpaket-sportabgas-bose\/\" class=\"\" rel=\"bookmark\">\u010c\u00edta\u0165 viac &raquo;<span class=\"screen-reader-text\">Porsche Cayman 718 GT4 Clubsportpaket Sportabgas BOSE<\/span><\/a><\/p>\n","protected":false},"featured_media":18581,"comment_status":"closed","ping_status":"closed","template":"","meta":{"_acf_changed":false,"neve_meta_sidebar":"","neve_meta_container":"","neve_meta_enable_content_width":"","neve_meta_content_width":0,"neve_meta_title_alignment":"","neve_meta_author_avatar":"","neve_post_elements_order":"","neve_meta_disable_header":"","neve_meta_disable_footer":"","neve_meta_disable_title":""},"product_cat":[131],"product_tag":[],"class_list":{"0":"post-18597","1":"product","2":"type-product","3":"status-publish","4":"has-post-thumbnail","6":"product_cat-porsche","7":"pa__datum-prvej-registracie-495","8":"pa__farba-bila","9":"pa__interier-alcantara-cerna","10":"pa__najazd-1920","11":"pa__objem-motora-1918","12":"pa__palivo-benzin-podpora-e10","13":"pa__pocet-sedadiel-397","14":"pa__prevodovka-automaticka","15":"pa__vykon-1919","16":"pa__znacka-porsche-cayman-718-gt4-clubsportpaket-sportabgas-bose","18":"first","19":"instock","20":"shipping-taxable","21":"purchasable","22":"product-type-simple"},"acf":[],"_links":{"self":[{"href":"https:\/\/www.topdovoz.sk\/index.php\/wp-json\/wp\/v2\/product\/18597","targetHints":{"allow":["GET"]}}],"collection":[{"href":"https:\/\/www.topdovoz.sk\/index.php\/wp-json\/wp\/v2\/product"}],"about":[{"href":"https:\/\/www.topdovoz.sk\/index.php\/wp-json\/wp\/v2\/types\/product"}],"replies":[{"embeddable":true,"href":"https:\/\/www.topdovoz.sk\/index.php\/wp-json\/wp\/v2\/comments?post=18597"}],"version-history":[{"count":0,"href":"https:\/\/www.topdovoz.sk\/index.php\/wp-json\/wp\/v2\/product\/18597\/revisions"}],"wp:featuredmedia":[{"embeddable":true,"href":"https:\/\/www.topdovoz.sk\/index.php\/wp-json\/wp\/v2\/media\/18581"}],"wp:attachment":[{"href":"https:\/\/www.topdovoz.sk\/index.php\/wp-json\/wp\/v2\/media?parent=18597"}],"wp:term":[{"taxonomy":"product_cat","embeddable":true,"href":"https:\/\/www.topdovoz.sk\/index.php\/wp-json\/wp\/v2\/product_cat?post=18597"},{"taxonomy":"product_tag","embeddable":true,"href":"https:\/\/www.topdovoz.sk\/index.php\/wp-json\/wp\/v2\/product_tag?post=18597"}],"curies":[{"name":"wp","href":"https:\/\/api.w.org\/{rel}","templated":true}]}}