{"id":18614,"date":"2025-05-12T18:31:13","date_gmt":"2025-05-12T16:31:13","guid":{"rendered":"https:\/\/www.topdovoz.sk\/index.php\/produkt\/volkswagen-touareg-r-plug-in-05-steuer9-247\/"},"modified":"2025-05-13T21:49:16","modified_gmt":"2025-05-13T19:49:16","slug":"volkswagen-touareg-r-plug-in-05-steuer9-247","status":"publish","type":"product","link":"https:\/\/www.topdovoz.sk\/index.php\/produkt\/volkswagen-touareg-r-plug-in-05-steuer9-247\/","title":{"rendered":"Volkswagen Touareg R Plug-In +0,5-STEUER+9.247"},"content":{"rendered":"<ul>\n<li>ABS<\/li>\n<li>Adaptive Cruise Control<\/li>\n<li>Adaptivn\u00ed sv\u011btlomety<\/li>\n<li>Alarm system<\/li>\n<li>Ambient lighting<\/li>\n<li>Android Auto<\/li>\n<li>Apple CarPlay<\/li>\n<li>Arm rest<\/li>\n<li>Automatic climatisation, 4 zones<\/li>\n<li>Bezkl\u00ed\u010dov\u00fd vstup<\/li>\n<li>Bluetooth<\/li>\n<li>Centr\u00e1ln\u00ed zamyk\u00e1n\u00ed<\/li>\n<li>\u010celn\u00ed, bo\u010dn\u00ed a dal\u0161\u00ed airbagy<\/li>\n<li>DAB radio<\/li>\n<li>Digital cockpit<\/li>\n<li>Distance warning system<\/li>\n<li>Electric heated rear seats<\/li>\n<li>Electric tailgate<\/li>\n<li>Elektrick\u00e1 bo\u010dn\u00ed zrc\u00e1tka<\/li>\n<li>Elektrick\u00e9 nastaven\u00ed sedadla<\/li>\n<li>Elektrick\u00e9 ovl\u00e1d\u00e1n\u00ed oken<\/li>\n<li>Elektricky vyh\u0159\u00edvan\u00e1 sedadla<\/li>\n<li>Eletric seat adjustment with memory function<\/li>\n<li>Emergency call system<\/li>\n<li>Emergency tyre repair kit<\/li>\n<li>ESP<\/li>\n<li>Fatigue warning system<\/li>\n<li>Filtr pevn\u00fdch \u010d\u00e1stic<\/li>\n<li>Folding exterior mirrors<\/li>\n<li>Glare-free high beam headlights<\/li>\n<li>Handsfree souprava<\/li>\n<li>Headlight washer system<\/li>\n<li>Heated steering wheel<\/li>\n<li>High beam assist<\/li>\n<li>Hill-start assist<\/li>\n<li>Imobiliz\u00e9r<\/li>\n<li>Induction charging for smartphones<\/li>\n<li>Isofix (ukotven\u00ed d\u011btsk\u00e9 seda\u010dky)<\/li>\n<li>Leather steering wheel<\/li>\n<li>LED running lights<\/li>\n<li>LED sv\u011btlomety<\/li>\n<li>Lit\u00e1 kola<\/li>\n<li>Lumbar support<\/li>\n<li>Massage seats<\/li>\n<li>Monitor slep\u00e9ho \u00fahlu<\/li>\n<li>Multifunk\u010dn\u00ed volant<\/li>\n<li>N\u00e1hon na v\u0161echna kola<\/li>\n<li>Navigace<\/li>\n<li>Odv\u011btr\u00e1van\u00e1 sedadla<\/li>\n<li>Paddle shifters<\/li>\n<li>Palubn\u00ed po\u010d\u00edta\u010d<\/li>\n<li>Panoramatick\u00e1 st\u0159echa<\/li>\n<li>Pneumatick\u00e9 p\u00e9rov\u00e1n\u00ed<\/li>\n<li>Posilova\u010d \u0159\u00edzen\u00ed<\/li>\n<li>Regulace prokluzu kol<\/li>\n<li>Senzor de\u0161t\u011b<\/li>\n<li>Senzor osv\u011btlen\u00ed<\/li>\n<li>Sound system<\/li>\n<li>Speed limit control system<\/li>\n<li>St\u0159e\u0161n\u00ed nosi\u010d<\/li>\n<li>St\u0159e\u0161n\u00ed okno<\/li>\n<li>Syst\u00e9m chr\u00e1n\u00edc\u00ed p\u0159ed st\u0159ety<\/li>\n<li>Syst\u00e9m start-stop<\/li>\n<li>Syst\u00e9m upozorn\u011bn\u00ed na opu\u0161t\u011bn\u00ed j\u00edzdn\u00edho pruhu<\/li>\n<li>Touchscreen<\/li>\n<li>Traffic sign recognition<\/li>\n<li>Trailer assist<\/li>\n<li>Trailer coupling, swiveling<\/li>\n<li>Transparentn\u00ed displej HUD<\/li>\n<li>Tuner\/r\u00e1dio<\/li>\n<li>Tyre pressure monitoring<\/li>\n<li>USB port<\/li>\n<li>Voice control<\/li>\n<li>Vozidlo po neku\u0159\u00e1kovi<\/li>\n<\/ul>\n","protected":false},"excerpt":{"rendered":"<p>ABS Adaptive Cruise Control Adaptivn\u00ed sv\u011btlomety Alarm system Ambient lighting Android Auto Apple CarPlay Arm rest Automatic climatisation, 4 zones Bezkl\u00ed\u010dov\u00fd vstup Bluetooth Centr\u00e1ln\u00ed zamyk\u00e1n\u00ed \u010celn\u00ed, bo\u010dn\u00ed a dal\u0161\u00ed airbagy DAB radio Digital cockpit Distance warning system Electric heated rear seats Electric tailgate Elektrick\u00e1 bo\u010dn\u00ed zrc\u00e1tka Elektrick\u00e9 nastaven\u00ed sedadla Elektrick\u00e9 ovl\u00e1d\u00e1n\u00ed oken Elektricky vyh\u0159\u00edvan\u00e1 sedadla&hellip;&nbsp;<a href=\"https:\/\/www.topdovoz.sk\/index.php\/produkt\/volkswagen-touareg-r-plug-in-05-steuer9-247\/\" class=\"\" rel=\"bookmark\">\u010c\u00edta\u0165 viac &raquo;<span class=\"screen-reader-text\">Volkswagen Touareg R Plug-In +0,5-STEUER+9.247<\/span><\/a><\/p>\n","protected":false},"featured_media":18598,"comment_status":"closed","ping_status":"closed","template":"","meta":{"_acf_changed":false,"neve_meta_sidebar":"","neve_meta_container":"","neve_meta_enable_content_width":"","neve_meta_content_width":0,"neve_meta_title_alignment":"","neve_meta_author_avatar":"","neve_post_elements_order":"","neve_meta_disable_header":"","neve_meta_disable_footer":"","neve_meta_disable_title":""},"product_cat":[125],"product_tag":[],"class_list":{"0":"post-18614","1":"product","2":"type-product","3":"status-publish","4":"has-post-thumbnail","6":"product_cat-volkswagen","7":"pa__farba-stribrna-metaliza","8":"pa__interier-cele-v-kuzi","9":"pa__objem-motora-23","10":"pa__palivo-hybridni-benzinovyelektricky-podpora-e10-plug-in-hybrid","11":"pa__pocet-sedadiel-26","12":"pa__prevodovka-automaticka","13":"pa__vykon-24","14":"pa__znacka-volkswagen-touareg-r-plug-in-05-steuer9-247","16":"first","17":"instock","18":"shipping-taxable","19":"purchasable","20":"product-type-simple"},"acf":[],"_links":{"self":[{"href":"https:\/\/www.topdovoz.sk\/index.php\/wp-json\/wp\/v2\/product\/18614","targetHints":{"allow":["GET"]}}],"collection":[{"href":"https:\/\/www.topdovoz.sk\/index.php\/wp-json\/wp\/v2\/product"}],"about":[{"href":"https:\/\/www.topdovoz.sk\/index.php\/wp-json\/wp\/v2\/types\/product"}],"replies":[{"embeddable":true,"href":"https:\/\/www.topdovoz.sk\/index.php\/wp-json\/wp\/v2\/comments?post=18614"}],"version-history":[{"count":0,"href":"https:\/\/www.topdovoz.sk\/index.php\/wp-json\/wp\/v2\/product\/18614\/revisions"}],"wp:featuredmedia":[{"embeddable":true,"href":"https:\/\/www.topdovoz.sk\/index.php\/wp-json\/wp\/v2\/media\/18598"}],"wp:attachment":[{"href":"https:\/\/www.topdovoz.sk\/index.php\/wp-json\/wp\/v2\/media?parent=18614"}],"wp:term":[{"taxonomy":"product_cat","embeddable":true,"href":"https:\/\/www.topdovoz.sk\/index.php\/wp-json\/wp\/v2\/product_cat?post=18614"},{"taxonomy":"product_tag","embeddable":true,"href":"https:\/\/www.topdovoz.sk\/index.php\/wp-json\/wp\/v2\/product_tag?post=18614"}],"curies":[{"name":"wp","href":"https:\/\/api.w.org\/{rel}","templated":true}]}}