{"id":18699,"date":"2025-05-12T18:32:57","date_gmt":"2025-05-12T16:32:57","guid":{"rendered":"https:\/\/www.topdovoz.sk\/index.php\/produkt\/jiny-audi-a3-rs-3-spb-tfsi-quattro-s-tronic\/"},"modified":"2025-05-13T21:49:05","modified_gmt":"2025-05-13T19:49:05","slug":"jiny-audi-a3-rs-3-spb-tfsi-quattro-s-tronic","status":"publish","type":"product","link":"https:\/\/www.topdovoz.sk\/index.php\/produkt\/jiny-audi-a3-rs-3-spb-tfsi-quattro-s-tronic\/","title":{"rendered":"Jin\u00fd Audi A3 RS 3 SPB TFSI quattro S tronic"},"content":{"rendered":"<ul>\n<li>ABS<\/li>\n<li>Bluetooth<\/li>\n<li>Centr\u00e1ln\u00ed zamyk\u00e1n\u00ed<\/li>\n<li>\u010celn\u00ed, bo\u010dn\u00ed a dal\u0161\u00ed airbagy<\/li>\n<li>Denn\u00ed sv\u011btlomety<\/li>\n<li>Elektrick\u00e1 bo\u010dn\u00ed zrc\u00e1tka<\/li>\n<li>Elektrick\u00e9 ovl\u00e1d\u00e1n\u00ed oken<\/li>\n<li>Elektricky vyh\u0159\u00edvan\u00e1 sedadla<\/li>\n<li>ESP<\/li>\n<li>Imobiliz\u00e9r<\/li>\n<li>Isofix (ukotven\u00ed d\u011btsk\u00e9 seda\u010dky)<\/li>\n<li>Lit\u00e1 kola<\/li>\n<li>Manu\u00e1ln\u00ed klimatizace<\/li>\n<li>Multifunk\u010dn\u00ed volant<\/li>\n<li>N\u00e1hon na v\u0161echna kola<\/li>\n<li>Navigace<\/li>\n<li>Palubn\u00ed po\u010d\u00edta\u010d<\/li>\n<li>Posilova\u010d \u0159\u00edzen\u00ed<\/li>\n<li>P\u0159ehr\u00e1va\u010d CD<\/li>\n<li>P\u0159\u00eddavn\u00e9 topen\u00ed<\/li>\n<li>Regulace prokluzu kol<\/li>\n<li>Senzor de\u0161t\u011b<\/li>\n<li>Senzor osv\u011btlen\u00ed<\/li>\n<li>St\u0159e\u0161n\u00ed okno<\/li>\n<li>Syst\u00e9m start-stop<\/li>\n<li>Tempomat<\/li>\n<li>Tuner\/r\u00e1dio<\/li>\n<li>Vozidlo po neku\u0159\u00e1kovi<\/li>\n<li>Z\u00e1ruka<\/li>\n<\/ul>\n","protected":false},"excerpt":{"rendered":"<p>ABS Bluetooth Centr\u00e1ln\u00ed zamyk\u00e1n\u00ed \u010celn\u00ed, bo\u010dn\u00ed a dal\u0161\u00ed airbagy Denn\u00ed sv\u011btlomety Elektrick\u00e1 bo\u010dn\u00ed zrc\u00e1tka Elektrick\u00e9 ovl\u00e1d\u00e1n\u00ed oken Elektricky vyh\u0159\u00edvan\u00e1 sedadla ESP Imobiliz\u00e9r Isofix (ukotven\u00ed d\u011btsk\u00e9 seda\u010dky) Lit\u00e1 kola Manu\u00e1ln\u00ed klimatizace Multifunk\u010dn\u00ed volant N\u00e1hon na v\u0161echna kola Navigace Palubn\u00ed po\u010d\u00edta\u010d Posilova\u010d \u0159\u00edzen\u00ed P\u0159ehr\u00e1va\u010d CD P\u0159\u00eddavn\u00e9 topen\u00ed Regulace prokluzu kol Senzor de\u0161t\u011b Senzor osv\u011btlen\u00ed St\u0159e\u0161n\u00ed okno Syst\u00e9m&hellip;&nbsp;<a href=\"https:\/\/www.topdovoz.sk\/index.php\/produkt\/jiny-audi-a3-rs-3-spb-tfsi-quattro-s-tronic\/\" class=\"\" rel=\"bookmark\">\u010c\u00edta\u0165 viac &raquo;<span class=\"screen-reader-text\">Jin\u00fd Audi A3 RS 3 SPB TFSI quattro S tronic<\/span><\/a><\/p>\n","protected":false},"featured_media":18683,"comment_status":"closed","ping_status":"closed","template":"","meta":{"_acf_changed":false,"neve_meta_sidebar":"","neve_meta_container":"","neve_meta_enable_content_width":"","neve_meta_content_width":0,"neve_meta_title_alignment":"","neve_meta_author_avatar":"","neve_post_elements_order":"","neve_meta_disable_header":"","neve_meta_disable_footer":"","neve_meta_disable_title":""},"product_cat":[1931],"product_tag":[],"class_list":{"0":"post-18699","1":"product","2":"type-product","3":"status-publish","4":"has-post-thumbnail","6":"product_cat-jin","7":"pa__datum-prvej-registracie-643","8":"pa__farba-seda-metaliza","9":"pa__interier-cele-v-kuzi-cerna","10":"pa__najazd-544","11":"pa__objem-motora-947","12":"pa__palivo-benzin","13":"pa__pocet-sedadiel-26","14":"pa__prevodovka-automaticka","15":"pa__vykon-231","16":"pa__znacka-jiny-audi-a3-rs-3-spb-tfsi-quattro-s-tronic","18":"first","19":"instock","20":"shipping-taxable","21":"purchasable","22":"product-type-simple"},"acf":[],"_links":{"self":[{"href":"https:\/\/www.topdovoz.sk\/index.php\/wp-json\/wp\/v2\/product\/18699","targetHints":{"allow":["GET"]}}],"collection":[{"href":"https:\/\/www.topdovoz.sk\/index.php\/wp-json\/wp\/v2\/product"}],"about":[{"href":"https:\/\/www.topdovoz.sk\/index.php\/wp-json\/wp\/v2\/types\/product"}],"replies":[{"embeddable":true,"href":"https:\/\/www.topdovoz.sk\/index.php\/wp-json\/wp\/v2\/comments?post=18699"}],"version-history":[{"count":0,"href":"https:\/\/www.topdovoz.sk\/index.php\/wp-json\/wp\/v2\/product\/18699\/revisions"}],"wp:featuredmedia":[{"embeddable":true,"href":"https:\/\/www.topdovoz.sk\/index.php\/wp-json\/wp\/v2\/media\/18683"}],"wp:attachment":[{"href":"https:\/\/www.topdovoz.sk\/index.php\/wp-json\/wp\/v2\/media?parent=18699"}],"wp:term":[{"taxonomy":"product_cat","embeddable":true,"href":"https:\/\/www.topdovoz.sk\/index.php\/wp-json\/wp\/v2\/product_cat?post=18699"},{"taxonomy":"product_tag","embeddable":true,"href":"https:\/\/www.topdovoz.sk\/index.php\/wp-json\/wp\/v2\/product_tag?post=18699"}],"curies":[{"name":"wp","href":"https:\/\/api.w.org\/{rel}","templated":true}]}}